{"id":680,"date":"2019-11-06T14:21:00","date_gmt":"2019-11-06T14:21:00","guid":{"rendered":"http:\/\/www.mapamundimusica.com\/viguela\/?page_id=680"},"modified":"2019-11-06T14:28:56","modified_gmt":"2019-11-06T14:28:56","slug":"nochebaile","status":"publish","type":"page","link":"https:\/\/www.mapamundimusica.com\/viguela\/nochebaile\/","title":{"rendered":"Noche de baile"},"content":{"rendered":"<div id=\"fb-root\"><\/div>\n<p><\/p>\n<h1 style=\"text-align: center;\">NOCHE DE BAILE<\/h1>\n<p>En este formato Vig\u00fcela tocar\u00e1n especialmente estilos bailables, como <strong>jota, fandango, pasodoble, vals y seguidilla<\/strong>. El baile <strong>se dinamizar\u00e1<\/strong> con bailes de grupo, bailes de pareja, cambios de pareja&#8230; y el p\u00fablico estar\u00e1 acompa\u00f1ado por nuestros animadores.<\/p>\n<p>La situaci\u00f3n \u00f3ptima es hacer un taller de baile por la ma\u00f1ana o por la tarde pronto y, en la tarde-noche, la noche de baile, en la que los participantes en el taller practicar\u00e1n lo que han aprendido y la gente que no vino al taller podr\u00e1 disfrutar de la m\u00fasica o unirse al baile, imitando a los animadores y a los dem\u00e1s participantes.<\/p>\n<p>El nivel del baile <strong>se adapta a las necesidades del p\u00fablico<\/strong>, empezando desde lo m\u00e1s simple y accesible para casi todo el mundo, a pasos m\u00e1s avanzados.<\/p>\n<p>En este v\u00eddeo ves a nuestro animador Miguel \u00c1ngel bailando con el p\u00fablico:<\/p>\n<figure id=\"attachment_682\" aria-describedby=\"caption-attachment-682\" style=\"width: 691px\" class=\"wp-caption aligncenter\"><a href=\"https:\/\/www.youtube.com\/watch?v=rHAd07do7D0\"><img loading=\"lazy\" class=\"wp-image-682\" src=\"http:\/\/www.mapamundimusica.com\/viguela\/wp-content\/uploads\/2019\/11\/Imagen2-1024x576.png\" alt=\"\" width=\"691\" height=\"389\" srcset=\"https:\/\/www.mapamundimusica.com\/viguela\/wp-content\/uploads\/2019\/11\/Imagen2-1024x576.png 1024w, https:\/\/www.mapamundimusica.com\/viguela\/wp-content\/uploads\/2019\/11\/Imagen2-300x169.png 300w, https:\/\/www.mapamundimusica.com\/viguela\/wp-content\/uploads\/2019\/11\/Imagen2-768x432.png 768w, https:\/\/www.mapamundimusica.com\/viguela\/wp-content\/uploads\/2019\/11\/Imagen2.png 1123w\" sizes=\"(max-width: 691px) 100vw, 691px\" \/><\/a><figcaption id=\"caption-attachment-682\" class=\"wp-caption-text\"><span style=\"font-family: georgia, palatino, serif; font-size: 10pt;\">Clic to see our public dancing.<\/span><\/figcaption><\/figure>\n<p>&nbsp;<\/p>","protected":false},"excerpt":{"rendered":"<p>NOCHE DE BAILE En este formato Vig\u00fcela tocar\u00e1n especialmente estilos bailables, como jota, fandango, pasodoble, vals y seguidilla. El baile se dinamizar\u00e1 con bailes de grupo, bailes de pareja, cambios de pareja&#8230; y el p\u00fablico estar\u00e1 acompa\u00f1ado por nuestros animadores. La situaci\u00f3n \u00f3ptima es hacer un taller de baile por la ma\u00f1ana o por la [&hellip;]<\/p>\n","protected":false},"author":1,"featured_media":0,"parent":0,"menu_order":0,"comment_status":"closed","ping_status":"closed","template":"","meta":[],"_links":{"self":[{"href":"https:\/\/www.mapamundimusica.com\/viguela\/wp-json\/wp\/v2\/pages\/680"}],"collection":[{"href":"https:\/\/www.mapamundimusica.com\/viguela\/wp-json\/wp\/v2\/pages"}],"about":[{"href":"https:\/\/www.mapamundimusica.com\/viguela\/wp-json\/wp\/v2\/types\/page"}],"author":[{"embeddable":true,"href":"https:\/\/www.mapamundimusica.com\/viguela\/wp-json\/wp\/v2\/users\/1"}],"replies":[{"embeddable":true,"href":"https:\/\/www.mapamundimusica.com\/viguela\/wp-json\/wp\/v2\/comments?post=680"}],"version-history":[{"count":3,"href":"https:\/\/www.mapamundimusica.com\/viguela\/wp-json\/wp\/v2\/pages\/680\/revisions"}],"predecessor-version":[{"id":685,"href":"https:\/\/www.mapamundimusica.com\/viguela\/wp-json\/wp\/v2\/pages\/680\/revisions\/685"}],"wp:attachment":[{"href":"https:\/\/www.mapamundimusica.com\/viguela\/wp-json\/wp\/v2\/media?parent=680"}],"curies":[{"name":"wp","href":"https:\/\/api.w.org\/{rel}","templated":true}]}}