{"id":547,"date":"2019-11-05T18:22:56","date_gmt":"2019-11-05T18:22:56","guid":{"rendered":"http:\/\/www.mapamundimusica.com\/viguela\/?page_id=547"},"modified":"2019-11-05T18:23:06","modified_gmt":"2019-11-05T18:23:06","slug":"ronda","status":"publish","type":"page","link":"https:\/\/www.mapamundimusica.com\/viguela\/ronda\/","title":{"rendered":"Ronda de calle"},"content":{"rendered":"<div id=\"fb-root\"><\/div>\n<p><\/p>\n<h1 style=\"text-align: center;\">RONDA DE CALLE<\/h1>\n<p>En la tradici\u00f3n popular la m\u00fasica no sol\u00eda estar en escenarios: su espacio natural era la calle. Sin micr\u00f3fonos, sin tablas, sin distancia entre el p\u00fablico y los artistas, la participaci\u00f3n de todos resultaba mucho m\u00e1s habitual. Como grupo 100% ac\u00fastico, Vig\u00fcela pueden llevar su ronda callejera a cualquier espacio y cantarle a tu p\u00fablico cara a cara.<\/p>\n<p><img loading=\"lazy\" class=\"aligncenter wp-image-548\" src=\"http:\/\/www.mapamundimusica.com\/viguela\/wp-content\/uploads\/2019\/11\/IMG_8655-1024x683.jpg\" alt=\"\" width=\"727\" height=\"485\" srcset=\"https:\/\/www.mapamundimusica.com\/viguela\/wp-content\/uploads\/2019\/11\/IMG_8655-1024x683.jpg 1024w, https:\/\/www.mapamundimusica.com\/viguela\/wp-content\/uploads\/2019\/11\/IMG_8655-300x200.jpg 300w, https:\/\/www.mapamundimusica.com\/viguela\/wp-content\/uploads\/2019\/11\/IMG_8655-768x512.jpg 768w\" sizes=\"(max-width: 727px) 100vw, 727px\" \/><\/p>","protected":false},"excerpt":{"rendered":"<p>RONDA DE CALLE En la tradici\u00f3n popular la m\u00fasica no sol\u00eda estar en escenarios: su espacio natural era la calle. Sin micr\u00f3fonos, sin tablas, sin distancia entre el p\u00fablico y los artistas, la participaci\u00f3n de todos resultaba mucho m\u00e1s habitual. Como grupo 100% ac\u00fastico, Vig\u00fcela pueden llevar su ronda callejera a cualquier espacio y cantarle [&hellip;]<\/p>\n","protected":false},"author":1,"featured_media":0,"parent":0,"menu_order":0,"comment_status":"closed","ping_status":"closed","template":"","meta":[],"_links":{"self":[{"href":"https:\/\/www.mapamundimusica.com\/viguela\/wp-json\/wp\/v2\/pages\/547"}],"collection":[{"href":"https:\/\/www.mapamundimusica.com\/viguela\/wp-json\/wp\/v2\/pages"}],"about":[{"href":"https:\/\/www.mapamundimusica.com\/viguela\/wp-json\/wp\/v2\/types\/page"}],"author":[{"embeddable":true,"href":"https:\/\/www.mapamundimusica.com\/viguela\/wp-json\/wp\/v2\/users\/1"}],"replies":[{"embeddable":true,"href":"https:\/\/www.mapamundimusica.com\/viguela\/wp-json\/wp\/v2\/comments?post=547"}],"version-history":[{"count":1,"href":"https:\/\/www.mapamundimusica.com\/viguela\/wp-json\/wp\/v2\/pages\/547\/revisions"}],"predecessor-version":[{"id":549,"href":"https:\/\/www.mapamundimusica.com\/viguela\/wp-json\/wp\/v2\/pages\/547\/revisions\/549"}],"wp:attachment":[{"href":"https:\/\/www.mapamundimusica.com\/viguela\/wp-json\/wp\/v2\/media?parent=547"}],"curies":[{"name":"wp","href":"https:\/\/api.w.org\/{rel}","templated":true}]}}