{"id":477,"date":"2019-11-05T13:41:56","date_gmt":"2019-11-05T13:41:56","guid":{"rendered":"http:\/\/www.mapamundimusica.com\/viguela\/?page_id=477"},"modified":"2019-11-06T14:30:54","modified_gmt":"2019-11-06T14:30:54","slug":"ofrecemos","status":"publish","type":"page","link":"https:\/\/www.mapamundimusica.com\/viguela\/ofrecemos\/","title":{"rendered":"Qu\u00e9 ofrecemos"},"content":{"rendered":"<div id=\"fb-root\"><\/div>\n<p><\/p>\n<h4><img loading=\"lazy\" class=\" wp-image-519 alignright\" src=\"http:\/\/www.mapamundimusica.com\/viguela\/wp-content\/uploads\/2019\/11\/4vertical.png\" alt=\"\" width=\"231\" height=\"621\" srcset=\"https:\/\/www.mapamundimusica.com\/viguela\/wp-content\/uploads\/2019\/11\/4vertical.png 244w, https:\/\/www.mapamundimusica.com\/viguela\/wp-content\/uploads\/2019\/11\/4vertical-112x300.png 112w\" sizes=\"(max-width: 231px) 100vw, 231px\" \/><\/h4>\n<h1>Ofrecemos&#8230;<\/h1>\n<h4><span style=\"font-size: 14pt;\">Pulsa en cada opci\u00f3n para saber m\u00e1s:<\/span><\/h4>\n<ul>\n<li><span style=\"text-decoration: underline;\"><strong><a href=\"http:\/\/www.mapamundimusica.com\/viguela\/formaciones\/\"><span style=\"font-size: 12pt;\">Concierto con formaci\u00f3n de cuarteto en adelante <\/span><\/a><\/strong><\/span><\/li>\n<li><span style=\"text-decoration: underline;\"><strong><a href=\"http:\/\/www.mapamundimusica.com\/viguela\/formaciones\/\"><span style=\"font-size: 12pt;\">Concierto con pareja de baile<\/span><\/a><\/strong><\/span><\/li>\n<li><span style=\"text-decoration: underline;\"><strong><span style=\"font-size: 12pt;\"><a href=\"http:\/\/www.mapamundimusica.com\/viguela\/colaboracionpl\/\">Concierto con grupo polaco Janusz Prusinowski Kompania &amp; Maria Siwiec<\/a><\/span><\/strong><\/span><\/li>\n<li><strong><span style=\"text-decoration: underline;\"><a href=\"http:\/\/www.mapamundimusica.com\/viguela\/apayeduard\/\"><span style=\"font-size: 12pt;\">Concierto con artistas valencianos Josep Aparicio \u00abApa\u00bb y Eduard Navarro<\/span><\/a><\/span><\/strong><\/li>\n<li><span style=\"font-size: 12pt;\"><strong><span style=\"text-decoration: underline;\"><a href=\"http:\/\/www.mapamundimusica.com\/viguela\/nochebaile\/\">Noche de baile<\/a><\/span><\/strong> con monitores\/animadores de baile<\/span><\/li>\n<li><span style=\"text-decoration: underline;\"><strong><a href=\"http:\/\/www.mapamundimusica.com\/viguela\/ronda\/\"><span style=\"font-size: 12pt;\">Ronda de calle<\/span><\/a><\/strong><\/span><\/li>\n<li><span style=\"font-size: 12pt;\"><a href=\"http:\/\/www.mapamundimusica.com\/viguela\/talleres\/\"><span style=\"text-decoration: underline;\"><strong>Talleres para adultos<\/strong><\/span><\/a>: baile, creaci\u00f3n de letras, tem\u00e1ticos sobre estilos<\/span><\/li>\n<li><strong><span style=\"text-decoration: underline;\"><span style=\"font-size: 12pt;\">Talleres para ni\u00f1os<\/span><\/span><\/strong><\/li>\n<li><span style=\"text-decoration: underline;\"><strong><a href=\"http:\/\/www.mapamundimusica.com\/viguela\/tuboda\/\"><span style=\"font-size: 12pt;\">M\u00fasica en tu boda o en tu evento en general<\/span><\/a><\/strong><\/span><\/li>\n<li><span style=\"font-size: 12pt;\"><strong><span style=\"text-decoration: underline;\">Canci\u00f3n personalizada<\/span><\/strong> para cumplea\u00f1os, felicitaciones y otros eventos<\/span><\/li>\n<\/ul>\n<p><strong><span style=\"font-size: 18pt;\">Hemos hecho shows de cocina, colaboraciones con DJs y muchas cosas que no se pueden confesar. \u00bfTienes una idea loca? R\u00e9tanos.<\/span><\/strong><\/p>\n<p><figure style=\"width: 803px\" class=\"wp-caption aligncenter\"><img loading=\"lazy\" class=\"\" src=\"https:\/\/scontent-mad1-1.xx.fbcdn.net\/v\/t1.0-9\/67788292_2321320988109830_6737911236169564160_n.jpg?_nc_cat=111&amp;_nc_oc=AQlbJa6yOaDympowBKVvQxxj7lFoTEjG_pLzY-UwJaLYmoXTEioe8p46Z8Gl7zSLMa0&amp;_nc_ht=scontent-mad1-1.xx&amp;oh=0b8021fa6620ebf05e87c15e897b1ff2&amp;oe=5E16B445\" width=\"803\" height=\"535\" \/><figcaption class=\"wp-caption-text\">Colaboraci\u00f3n los DJs brasile\u00f1os Venga Venga en Transiberia Mundi, agosto 2019. Foto: Pedro Vilhena<\/figcaption><\/figure><\/p>","protected":false},"excerpt":{"rendered":"<p>Ofrecemos&#8230; Pulsa en cada opci\u00f3n para saber m\u00e1s: Concierto con formaci\u00f3n de cuarteto en adelante Concierto con pareja de baile Concierto con grupo polaco Janusz Prusinowski Kompania &amp; Maria Siwiec Concierto con artistas valencianos Josep Aparicio \u00abApa\u00bb y Eduard Navarro Noche de baile con monitores\/animadores de baile Ronda de calle Talleres para adultos: baile, creaci\u00f3n [&hellip;]<\/p>\n","protected":false},"author":1,"featured_media":0,"parent":0,"menu_order":0,"comment_status":"closed","ping_status":"closed","template":"","meta":[],"_links":{"self":[{"href":"https:\/\/www.mapamundimusica.com\/viguela\/wp-json\/wp\/v2\/pages\/477"}],"collection":[{"href":"https:\/\/www.mapamundimusica.com\/viguela\/wp-json\/wp\/v2\/pages"}],"about":[{"href":"https:\/\/www.mapamundimusica.com\/viguela\/wp-json\/wp\/v2\/types\/page"}],"author":[{"embeddable":true,"href":"https:\/\/www.mapamundimusica.com\/viguela\/wp-json\/wp\/v2\/users\/1"}],"replies":[{"embeddable":true,"href":"https:\/\/www.mapamundimusica.com\/viguela\/wp-json\/wp\/v2\/comments?post=477"}],"version-history":[{"count":24,"href":"https:\/\/www.mapamundimusica.com\/viguela\/wp-json\/wp\/v2\/pages\/477\/revisions"}],"predecessor-version":[{"id":687,"href":"https:\/\/www.mapamundimusica.com\/viguela\/wp-json\/wp\/v2\/pages\/477\/revisions\/687"}],"wp:attachment":[{"href":"https:\/\/www.mapamundimusica.com\/viguela\/wp-json\/wp\/v2\/media?parent=477"}],"curies":[{"name":"wp","href":"https:\/\/api.w.org\/{rel}","templated":true}]}}