{"id":368,"date":"2018-11-04T12:17:52","date_gmt":"2018-11-04T12:17:52","guid":{"rendered":"http:\/\/www.mapamundimusica.com\/viguela\/?page_id=368"},"modified":"2019-11-05T18:39:24","modified_gmt":"2019-11-05T18:39:24","slug":"tuboda","status":"publish","type":"page","link":"https:\/\/www.mapamundimusica.com\/viguela\/tuboda\/","title":{"rendered":"Tu boda"},"content":{"rendered":"<div id=\"fb-root\"><\/div>\n<p><img loading=\"lazy\" class=\"alignright wp-image-375\" src=\"http:\/\/www.mapamundimusica.com\/viguela\/wp-content\/uploads\/2018\/11\/flyer3-1-1024x721.png\" alt=\"\" width=\"460\" height=\"324\" srcset=\"https:\/\/www.mapamundimusica.com\/viguela\/wp-content\/uploads\/2018\/11\/flyer3-1-1024x721.png 1024w, https:\/\/www.mapamundimusica.com\/viguela\/wp-content\/uploads\/2018\/11\/flyer3-1-300x211.png 300w, https:\/\/www.mapamundimusica.com\/viguela\/wp-content\/uploads\/2018\/11\/flyer3-1-768x541.png 768w, https:\/\/www.mapamundimusica.com\/viguela\/wp-content\/uploads\/2018\/11\/flyer3-1-426x300.png 426w, https:\/\/www.mapamundimusica.com\/viguela\/wp-content\/uploads\/2018\/11\/flyer3-1.png 1211w\" sizes=\"(max-width: 460px) 100vw, 460px\" \/><\/p>\n<h1>M\u00daSICA EN TU BODA<\/h1>\n<p style=\"text-align: left;\">\u00bfTe imaginas tener en tu boda un grupo que ha actuado por Alemania, Suiza, Hungr\u00eda,\u00a0 Chipre, Polonia, Inglaterra&#8230;? Es posible y, adem\u00e1s, te traer\u00e1n m\u00fasica tan emocionante como la que ha acompa\u00f1ado a los novios durante generaciones. M\u00fasica <em>destilada por el tiempo<\/em> en la que la emoci\u00f3n se concentra para <em>celebrar la belleza de la novia<\/em>, felicitar al novio, <em>honrar a los padrinos<\/em>, <em>hacer c\u00f3mplices a los invitados<\/em>&#8230; M\u00fasica como esta&#8230;<\/p>\n<p>&nbsp;<\/p>\n<h1 style=\"text-align: center;\"><span style=\"font-size: 18pt;\">\u00bfTe imaginas entrar en la iglesia mientras te cantan esta preciosidad?<\/span><br \/>\n<iframe src=\"https:\/\/www.youtube.com\/embed\/ma_JBQgvnLA\" width=\"600\" height=\"400\" frameborder=\"0\" allowfullscreen=\"allowfullscreen\"><\/iframe><br \/>\n<span style=\"font-size: 18pt;\">Podemos ambientar en la puerta de la iglesia o del juzgado mientras llegas, con una ronda como esta:<\/span><br \/>\n<iframe src=\"https:\/\/www.youtube.com\/embed\/O1rbO7X6SgU\" width=\"600\" height=\"400\" frameborder=\"0\" allowfullscreen=\"allowfullscreen\"><\/iframe><br \/>\n<span style=\"font-size: 18pt;\">O acompa\u00f1ar vuestra salida de la iglesia con esta tonada:<\/span><br \/>\n<iframe src=\"https:\/\/www.youtube.com\/embed\/ngkGD_fea_s\" width=\"600\" height=\"400\" frameborder=\"0\" allowfullscreen=\"allowfullscreen\"><span data-mce-type=\"bookmark\" style=\"display: inline-block; width: 0px; overflow: hidden; line-height: 0;\" class=\"mce_SELRES_start\">\ufeff<\/span><\/iframe><br \/>\n<span style=\"font-size: 18pt;\">O un fandango como este:<\/span><br \/>\n<iframe src=\"https:\/\/www.youtube.com\/embed\/mSmRsnJx5yU\" width=\"600\" height=\"400\" frameborder=\"0\" allowfullscreen=\"allowfullscreen\"><span data-mce-type=\"bookmark\" style=\"display: inline-block; width: 0px; overflow: hidden; line-height: 0;\" class=\"mce_SELRES_start\">\ufeff<\/span><\/iframe><\/h1>\n<h1 style=\"text-align: center;\"><span style=\"font-size: 18pt;\"><strong>Cont\u00e1ctanos y te haremos una propuesta especial, dise\u00f1ada seg\u00fan tu gusto y necesidades: info@mundimapa.com &#8211; 676302882\u00a0<\/strong><\/span><\/h1>\n<p><\/p>","protected":false},"excerpt":{"rendered":"<p>M\u00daSICA EN TU BODA \u00bfTe imaginas tener en tu boda un grupo que ha actuado por Alemania, Suiza, Hungr\u00eda,\u00a0 Chipre, Polonia, Inglaterra&#8230;? Es posible y, adem\u00e1s, te traer\u00e1n m\u00fasica tan emocionante como la que ha acompa\u00f1ado a los novios durante generaciones. M\u00fasica destilada por el tiempo en la que la emoci\u00f3n se concentra para celebrar [&hellip;]<\/p>\n","protected":false},"author":1,"featured_media":0,"parent":0,"menu_order":0,"comment_status":"closed","ping_status":"closed","template":"","meta":[],"_links":{"self":[{"href":"https:\/\/www.mapamundimusica.com\/viguela\/wp-json\/wp\/v2\/pages\/368"}],"collection":[{"href":"https:\/\/www.mapamundimusica.com\/viguela\/wp-json\/wp\/v2\/pages"}],"about":[{"href":"https:\/\/www.mapamundimusica.com\/viguela\/wp-json\/wp\/v2\/types\/page"}],"author":[{"embeddable":true,"href":"https:\/\/www.mapamundimusica.com\/viguela\/wp-json\/wp\/v2\/users\/1"}],"replies":[{"embeddable":true,"href":"https:\/\/www.mapamundimusica.com\/viguela\/wp-json\/wp\/v2\/comments?post=368"}],"version-history":[{"count":20,"href":"https:\/\/www.mapamundimusica.com\/viguela\/wp-json\/wp\/v2\/pages\/368\/revisions"}],"predecessor-version":[{"id":567,"href":"https:\/\/www.mapamundimusica.com\/viguela\/wp-json\/wp\/v2\/pages\/368\/revisions\/567"}],"wp:attachment":[{"href":"https:\/\/www.mapamundimusica.com\/viguela\/wp-json\/wp\/v2\/media?parent=368"}],"curies":[{"name":"wp","href":"https:\/\/api.w.org\/{rel}","templated":true}]}}