{"id":255,"date":"2018-07-09T10:28:02","date_gmt":"2018-07-09T10:28:02","guid":{"rendered":"http:\/\/www.mapamundimusica.com\/viguela\/?page_id=255"},"modified":"2021-11-23T08:47:07","modified_gmt":"2021-11-23T08:47:07","slug":"contacto","status":"publish","type":"page","link":"https:\/\/www.mapamundimusica.com\/viguela\/contacto\/","title":{"rendered":"Subscr\u00edbete a nuestras noticias y cont\u00e1ctanos"},"content":{"rendered":"<div id=\"fb-root\"><\/div>\n<p>Puedes contactar con nosotros en los datos que tienes en el men\u00fa arriba, te los ponemos aqu\u00ed tambi\u00e9n: viguela@mundimapa.com y +34 676302882<\/p>\n<p>El <strong>management<\/strong> de Vig\u00fcela es responsabilidad de <strong><span style=\"text-decoration: underline;\"><a href=\"http:\/\/www.mapamundimusica.com\">Mapamundi M\u00fasica<\/a><\/span> \/ Araceli Tzigane (aracelitzigane@gmail.com)<\/strong>. Esta web est\u00e1 dise\u00f1ada por Araceli, con contenidos principalmente hechos por nosotros y por el grupo y algunas fotos de amigos. Si echas algo en falta o quieres contribuir con alguna idea, d\u00ednoslo.<\/p>\n<p>Si quieres contactar con el grupo, todos los miembros son activos en las redes sociales, principalmente Facebook, con sus nombres reales. <strong>Te recomendamos seguir al grupo en <a href=\"https:\/\/www.facebook.com\/viguelavihuela\">Facebook<\/a><\/strong>, porque compartimos contenidos de inter\u00e9s no solo al respecto de nosotros, sino de amigos y del entorno de la m\u00fasica que amamos.<\/p>\n<p>Y en todo caso, el correo viguela@mundimapa.com lo recibimos tanto Araceli como Juan Antonio Torres.<\/p>\n<p>Y si quieres ser parte de un grupo exclusivo de amigos, no te pierdas esto de aqu\u00ed debajo! ??<\/p>\n<p>&nbsp;<\/p>\n<h1>SUBSCRIPCI\u00d3N A LAS NOTICIAS EXCLUSIVAS<\/h1>\n<p>Para los subscriptores, enviamos noticias exclusivas y avances, de manera ocasional, cuando tenemos algo importante que decir o queremos agasajaros. Subscr\u00edbete para formar parte del grupo de amigos cercanos y no perderte nada:<\/p>\n<p><div role=\"form\" class=\"wpcf7\" id=\"wpcf7-f254-o1\" lang=\"es-ES\" dir=\"ltr\">\n<div class=\"screen-reader-response\"><\/div>\n<form action=\"\/viguela\/wp-json\/wp\/v2\/pages\/255#wpcf7-f254-o1\" method=\"post\" class=\"wpcf7-form\" novalidate=\"novalidate\">\n<div style=\"display: none;\">\n<input type=\"hidden\" name=\"_wpcf7\" value=\"254\" \/>\n<input type=\"hidden\" name=\"_wpcf7_version\" value=\"5.1.4\" \/>\n<input type=\"hidden\" name=\"_wpcf7_locale\" value=\"es_ES\" \/>\n<input type=\"hidden\" name=\"_wpcf7_unit_tag\" value=\"wpcf7-f254-o1\" \/>\n<input type=\"hidden\" name=\"_wpcf7_container_post\" value=\"0\" \/>\n<\/div>\n<p><label> Tu nombre \/ Your name (requerido\/mandatory)<br \/>\n    <span class=\"wpcf7-form-control-wrap your-name\"><input type=\"text\" name=\"your-name\" value=\"\" size=\"40\" class=\"wpcf7-form-control wpcf7-text wpcf7-validates-as-required\" aria-required=\"true\" aria-invalid=\"false\" \/><\/span> <\/label><\/p>\n<p><label> Tu correo electr\u00f3nico \/ Your email (requerido\/mandatory)<br \/>\n    <span class=\"wpcf7-form-control-wrap your-email\"><input type=\"email\" name=\"your-email\" value=\"\" size=\"40\" class=\"wpcf7-form-control wpcf7-text wpcf7-email wpcf7-validates-as-required wpcf7-validates-as-email\" aria-required=\"true\" aria-invalid=\"false\" \/><\/span> <\/label><\/p>\n<p><label> Tel\u00e9fono \/ Phone number<br \/>\n<span class=\"wpcf7-form-control-wrap tel-791\"><input type=\"tel\" name=\"tel-791\" value=\"\" size=\"40\" class=\"wpcf7-form-control wpcf7-text wpcf7-tel wpcf7-validates-as-tel\" aria-invalid=\"false\" \/><\/span> <\/label><\/p>\n<p><label> \u00bfAlguna consulta? Any request?<br \/>\n    <span class=\"wpcf7-form-control-wrap your-message\"><input type=\"text\" name=\"your-message\" value=\"\" size=\"40\" class=\"wpcf7-form-control wpcf7-text\" aria-invalid=\"false\" \/><\/span> <\/label><\/p>\n<p><label> Con el env\u00edo este mensaje te registras en nuestra lista de noticias y aceptas con ello que te enviemos comunicaciones. Podr\u00e1s borrarte en cualquier momento. \/ Sending this message you register on our mailing list and you accept to receive our communications. You'll be able to remove at any time. (requerido\/mandatory)<br \/>\n<span class=\"wpcf7-form-control-wrap acceptance-878\"><span class=\"wpcf7-form-control wpcf7-acceptance\"><span class=\"wpcf7-list-item\"><input type=\"checkbox\" name=\"acceptance-878\" value=\"1\" aria-invalid=\"false\" checked=\"checked\" \/><\/span><\/span><\/span> <\/label><\/p>\n<p><input type=\"submit\" value=\"Enviar\/Send\" class=\"wpcf7-form-control wpcf7-submit\" \/><\/p>\n<div class=\"wpcf7-response-output wpcf7-display-none\"><\/div><\/form><\/div><\/p>","protected":false},"excerpt":{"rendered":"<p>Puedes contactar con nosotros en los datos que tienes en el men\u00fa arriba, te los ponemos aqu\u00ed tambi\u00e9n: viguela@mundimapa.com y +34 676302882 El management de Vig\u00fcela es responsabilidad de Mapamundi M\u00fasica \/ Araceli Tzigane (aracelitzigane@gmail.com). Esta web est\u00e1 dise\u00f1ada por Araceli, con contenidos principalmente hechos por nosotros y por el grupo y algunas fotos de [&hellip;]<\/p>\n","protected":false},"author":1,"featured_media":0,"parent":0,"menu_order":0,"comment_status":"closed","ping_status":"closed","template":"","meta":[],"_links":{"self":[{"href":"https:\/\/www.mapamundimusica.com\/viguela\/wp-json\/wp\/v2\/pages\/255"}],"collection":[{"href":"https:\/\/www.mapamundimusica.com\/viguela\/wp-json\/wp\/v2\/pages"}],"about":[{"href":"https:\/\/www.mapamundimusica.com\/viguela\/wp-json\/wp\/v2\/types\/page"}],"author":[{"embeddable":true,"href":"https:\/\/www.mapamundimusica.com\/viguela\/wp-json\/wp\/v2\/users\/1"}],"replies":[{"embeddable":true,"href":"https:\/\/www.mapamundimusica.com\/viguela\/wp-json\/wp\/v2\/comments?post=255"}],"version-history":[{"count":9,"href":"https:\/\/www.mapamundimusica.com\/viguela\/wp-json\/wp\/v2\/pages\/255\/revisions"}],"predecessor-version":[{"id":1361,"href":"https:\/\/www.mapamundimusica.com\/viguela\/wp-json\/wp\/v2\/pages\/255\/revisions\/1361"}],"wp:attachment":[{"href":"https:\/\/www.mapamundimusica.com\/viguela\/wp-json\/wp\/v2\/media?parent=255"}],"curies":[{"name":"wp","href":"https:\/\/api.w.org\/{rel}","templated":true}]}}