{"id":3750,"date":"2025-02-15T10:25:35","date_gmt":"2025-02-15T09:25:35","guid":{"rendered":"https:\/\/www.mapamundimusica.com\/?page_id=3750"},"modified":"2025-07-20T11:27:02","modified_gmt":"2025-07-20T09:27:02","slug":"recordlabel","status":"publish","type":"page","link":"https:\/\/www.mapamundimusica.com\/en\/recordlabel\/","title":{"rendered":"Record label"},"content":{"rendered":"<p><\/p>\n<h5 style=\"text-align: center;\">Would you like to buy any of our albums?<br data-start=\"40\" data-end=\"43\" \/>Contact me at <a rel=\"noopener\" data-start=\"57\" data-end=\"75\">info@mundimapa.com<\/a> or +34676302882 (phone and WhatsApp available).<\/h5>\n<table style=\"border-collapse: collapse; width: 100%;\">\n<tbody>\n<tr>\n<td style=\"width: 100%;\">\n<h4><img loading=\"lazy\" decoding=\"async\" class=\"alignright wp-image-3833\" src=\"https:\/\/www.mapamundimusica.com\/wp-content\/uploads\/2025\/07\/Maqam-Pilgrims-cover-square.png\" alt=\"\" width=\"273\" height=\"273\" srcset=\"https:\/\/www.mapamundimusica.com\/wp-content\/uploads\/2025\/07\/Maqam-Pilgrims-cover-square.png 908w, https:\/\/www.mapamundimusica.com\/wp-content\/uploads\/2025\/07\/Maqam-Pilgrims-cover-square-300x300.png 300w, https:\/\/www.mapamundimusica.com\/wp-content\/uploads\/2025\/07\/Maqam-Pilgrims-cover-square-150x150.png 150w, https:\/\/www.mapamundimusica.com\/wp-content\/uploads\/2025\/07\/Maqam-Pilgrims-cover-square-768x768.png 768w\" sizes=\"auto, (max-width: 273px) 100vw, 273px\" \/><\/h4>\n<h4>MM004: <em>Maqam Pilgrims<\/em>, by Mustafa Said &amp; Asil Ensemble<\/h4>\n<p>30th May 2025. Edition in CD with pictures and booklet.<\/p>\n<p>Listen, <a href=\"https:\/\/www.youtube.com\/watch?v=kSK-HC5oFik&amp;list=OLAK5uy_ljMZQXJbkYppjv5lD44Tcsm2K95km5txM\" target=\"_blank\" rel=\"noopener\">in <\/a><strong><a href=\"https:\/\/www.youtube.com\/watch?v=kSK-HC5oFik&amp;list=OLAK5uy_ljMZQXJbkYppjv5lD44Tcsm2K95km5txM\" target=\"_blank\" rel=\"noopener\">Youtube<\/a><\/strong> or <a href=\"https:\/\/open.spotify.com\/intl-es\/album\/2zWaxnSvQjHschYnZ6CSzY?si=RWWfPNGCQwiqnU2BJCgKJQ\" target=\"_blank\" rel=\"noopener\">in <strong>Spotify<\/strong><\/a>.<\/td>\n<\/tr>\n<tr>\n<td style=\"width: 100%;\"><img loading=\"lazy\" decoding=\"async\" class=\" wp-image-3751 alignright\" style=\"color: #747474; font-family: 'Open Sans', sans-serif; font-size: 14px;\" src=\"https:\/\/www.mapamundimusica.com\/wp-content\/uploads\/2025\/02\/Viguela-We-cover.png\" sizes=\"auto, (max-width: 936px) 100vw, 936px\" srcset=\"https:\/\/www.mapamundimusica.com\/wp-content\/uploads\/2025\/02\/Viguela-We-cover.png 936w, https:\/\/www.mapamundimusica.com\/wp-content\/uploads\/2025\/02\/Viguela-We-cover-300x268.png 300w, https:\/\/www.mapamundimusica.com\/wp-content\/uploads\/2025\/02\/Viguela-We-cover-768x687.png 768w\" alt=\"Vig\u00fcela's We\" width=\"272\" height=\"243\" \/><\/p>\n<h4>MM003: Vig\u00fcela\u2019s\u00a0<em>We<\/em><\/h4>\n<p>21 June 2024. Edition in CD with pictures, booklet and access to exclusive online content.<\/p>\n<p>Listen, in <strong><a href=\"https:\/\/www.youtube.com\/watch?v=5PK9LswGqNU&amp;list=PL17fGu8uvP3JQKwEzbO-6efUB-79kIogU\" target=\"_blank\" rel=\"noopener\">Youtube<\/a><\/strong>\u00a0or <a href=\"https:\/\/open.spotify.com\/intl-es\/album\/0c0tZ8zojMlgw4QNr6NmX5?si=Lo4Tpur4SLeFu7QqkbgKlg\" target=\"_blank\" rel=\"noopener\">in <strong>Spotify<\/strong><\/a>.<\/td>\n<\/tr>\n<tr>\n<td style=\"width: 100%;\"><img loading=\"lazy\" decoding=\"async\" class=\" alignright\" style=\"color: #747474; font-family: 'Open Sans', sans-serif; font-size: 14px;\" src=\"https:\/\/www.alidogangonultas.com\/wp-content\/uploads\/2024\/04\/Keyeyi-Main-Cover-2048x2048.png\" alt=\"Ali Do\u011fan G\u00f6n\u00fclta\u015f's Keyey\u00ee.\" width=\"271\" height=\"271\" \/><\/p>\n<h4>MM002: <strong style=\"color: #1c314c; font-family: Raleway, sans-serif; font-size: 24px;\">Ali Do\u011fan G\u00f6n\u00fclta\u015f&#8217;<\/strong>s <em>Keyey\u00ee<\/em><\/h4>\n<p>30th April 2024. Ali Do\u011fan G\u00f6n\u00fclta\u015f &amp; Mapamundi M\u00fasica.<br \/>\nEdition in CD with pictures, booklet and access to exclusive online content. Recorded in video and audio.<\/p>\n<p>Watch and listen to Keyey\u00ee, in <strong><a href=\"https:\/\/www.youtube.com\/watch?v=c9rPppRgUS4&amp;list=PLyhkwvtejQbMfJRlOHubz_W4FZpva8MEY\" target=\"_blank\" rel=\"noopener\">Youtube <\/a><\/strong>or listen to it in<strong><a href=\"https:\/\/open.spotify.com\/intl-es\/album\/7cBghbcdQIBz4YEwl2w2hG?si=BDO8yeglSSm3iyPHOMOWZQ\" target=\"_blank\" rel=\"noopener\"> Spotify<\/a>.<\/strong><\/p>\n<h4><\/h4>\n<\/td>\n<\/tr>\n<tr>\n<td style=\"width: 100%;\"><img loading=\"lazy\" decoding=\"async\" class=\" alignright\" style=\"color: #747474; font-family: 'Open Sans', sans-serif; font-size: 14px;\" src=\"https:\/\/www.alidogangonultas.com\/wp-content\/uploads\/2023\/04\/kigifront.png\" alt=\"Ali Do\u011fan G\u00f6n\u00fclta\u015f's Ki\u011f\u0131\" width=\"269\" height=\"269\" \/><\/p>\n<h4>MM001:\u00a0<strong>Ali Do\u011fan G\u00f6n\u00fclta\u015f\u2019s\u00a0<\/strong><em>Ki\u011f\u0131<\/em><\/h4>\n<p>9th June 2023. Edition in CD with pictures, booklet and access to exclusive online content. (First digital edition, May 2022, by Ali Do\u011fan G\u00f6n\u00fclta\u015f)<\/p>\n<p>Listen, <a href=\"https:\/\/www.youtube.com\/watch?v=eLTIwo_6SoI&amp;list=PLyhkwvtejQbPRXCJ_eQgSxKDJpV-uoQW3\" target=\"_blank\" rel=\"noopener\">in <\/a><strong><a href=\"https:\/\/www.youtube.com\/watch?v=eLTIwo_6SoI&amp;list=PLyhkwvtejQbPRXCJ_eQgSxKDJpV-uoQW3\" target=\"_blank\" rel=\"noopener\">Youtube <\/a><\/strong>or in <a href=\"https:\/\/open.spotify.com\/intl-es\/album\/5kFoQGDP7LJbTOLPHZ6DYy?si=fFCKSE3AQG6Vao1FYe4IyA\" target=\"_blank\" rel=\"noopener\"><strong>Spotify<\/strong><\/a>.<\/td>\n<\/tr>\n<\/tbody>\n<\/table>\n<p>&nbsp;<\/p>","protected":false},"excerpt":{"rendered":"<p>Would you like to buy any of our albums?Contact me at info@mundimapa.com or +34676302882 (phone and WhatsApp available). MM004: Maqam Pilgrims, by Mustafa Said &amp; Asil Ensemble 30th May 2025. Edition in CD with pictures and booklet. Listen, in Youtube or in Spotify. MM003: Vig\u00fcela\u2019s\u00a0We 21 June 2024. Edition in CD with pictures, booklet and [&hellip;]<\/p>\n","protected":false},"author":1,"featured_media":0,"parent":0,"menu_order":0,"comment_status":"closed","ping_status":"closed","template":"","meta":{"footnotes":""},"class_list":["post-3750","page","type-page","status-publish","hentry"],"_links":{"self":[{"href":"https:\/\/www.mapamundimusica.com\/en\/wp-json\/wp\/v2\/pages\/3750","targetHints":{"allow":["GET"]}}],"collection":[{"href":"https:\/\/www.mapamundimusica.com\/en\/wp-json\/wp\/v2\/pages"}],"about":[{"href":"https:\/\/www.mapamundimusica.com\/en\/wp-json\/wp\/v2\/types\/page"}],"author":[{"embeddable":true,"href":"https:\/\/www.mapamundimusica.com\/en\/wp-json\/wp\/v2\/users\/1"}],"replies":[{"embeddable":true,"href":"https:\/\/www.mapamundimusica.com\/en\/wp-json\/wp\/v2\/comments?post=3750"}],"version-history":[{"count":15,"href":"https:\/\/www.mapamundimusica.com\/en\/wp-json\/wp\/v2\/pages\/3750\/revisions"}],"predecessor-version":[{"id":3835,"href":"https:\/\/www.mapamundimusica.com\/en\/wp-json\/wp\/v2\/pages\/3750\/revisions\/3835"}],"wp:attachment":[{"href":"https:\/\/www.mapamundimusica.com\/en\/wp-json\/wp\/v2\/media?parent=3750"}],"curies":[{"name":"wp","href":"https:\/\/api.w.org\/{rel}","templated":true}]}}