{"id":3113,"date":"2022-09-12T23:14:35","date_gmt":"2022-09-12T21:14:35","guid":{"rendered":"https:\/\/www.mapamundimusica.com\/?page_id=3113"},"modified":"2022-10-25T12:56:47","modified_gmt":"2022-10-25T10:56:47","slug":"ali-dogan-gonultas-tr","status":"publish","type":"page","link":"https:\/\/www.mapamundimusica.com\/en\/ali-dogan-gonultas-tr\/","title":{"rendered":"Ali\u00a0Do\u011fan G\u00f6n\u00fclta\u015f TR"},"content":{"rendered":"<p><\/p>\n<p style=\"text-align: left;\">Download the complete dossier, <a href=\"https:\/\/www.dropbox.com\/s\/6najtyi8skp6swx\/Ali%20Do%C4%9Fan%20G%C3%B6n%C3%BClta%C5%9F%20-%20dossier.pdf?dl=0\">here<\/a>.<br \/>\n<img loading=\"lazy\" decoding=\"async\" class=\"wp-image-3164 alignright\" src=\"https:\/\/www.mapamundimusica.com\/wp-content\/uploads\/2022\/10\/alidogangonultas.jpg\" alt=\"\" width=\"534\" height=\"801\" srcset=\"https:\/\/www.mapamundimusica.com\/wp-content\/uploads\/2022\/10\/alidogangonultas.jpg 4000w, https:\/\/www.mapamundimusica.com\/wp-content\/uploads\/2022\/10\/alidogangonultas-200x300.jpg 200w, https:\/\/www.mapamundimusica.com\/wp-content\/uploads\/2022\/10\/alidogangonultas-768x1152.jpg 768w, https:\/\/www.mapamundimusica.com\/wp-content\/uploads\/2022\/10\/alidogangonultas-683x1024.jpg 683w\" sizes=\"auto, (max-width: 534px) 100vw, 534px\" \/><\/p>\n<blockquote>\n<p style=\"font-weight: 400;\">Amazing young talent from eastern borderlands of Turkey. A dedicated brilliant young artist. Ali Do\u011fan is a marvelous upstart who defied and excelled in expectations.<\/p>\n<p style=\"font-weight: 400; text-align: right;\"><em><span style=\"font-size: 10pt;\"><strong>Kutay Kugay, programmer\/producer\/host at <span lang=\"EN\">Acik Radyo, Istanbul<\/span><\/strong><\/span><\/em><\/p>\n<\/blockquote>\n<p><span style=\"font-size: 12pt;\"><strong>Ali Do\u011fan G\u00f6n\u00fclta\u015f is an Anatolyan artist whose magnificent debut album <em>Ki\u011f\u0131<\/em>, for which he has been working for more than ten years of field research, shows the thrill of his expressive voice, the dreamy melodies of his pieces and his self-confidence, that convinced us to support him in this new stage of his career, after the release of this album. In addition to the concert, Ali Do\u011fan can provide a workshop on rhythm and forms in Kurdish Music<\/strong><\/span><\/p>\n<blockquote>\n<p style=\"font-weight: 400;\">Ali&#8217;s concert was a moving journey, specifically to Eastern Anatolia, but also symbolically &#8211; to any place where music seems to be above all divisions. The multitude of rhythms and languages specific to this region was not only pleasant and interesting, but also very moving. Remarkable precision, instrumental proficiency and an unforgettable voice meant that each subsequent piece seemed to be an important twist in this story, which the artist had been building for 10 years, collecting ethnomusicological data and respecting various sources.<\/p>\n<p style=\"font-weight: 400; text-align: right;\"><em><span style=\"font-size: 10pt;\"><strong>Ula Nowak, radio journalist, JAZZKULTURA (Poland); host of the program \u201c\u015awiato-czu\u0142o\u015b\u0107 | WorldSensitivity\u201d<\/strong><\/span><\/em><\/p>\n<\/blockquote>\n<p>Ali Do\u011fan is a Kurdish born in Turkey. Graduated from Kocaeli University Archeology and Radio TV and Cinema departments, the musician started his professional music career with the band <a href=\"https:\/\/www.youtube.com\/watch?v=LuB65a9S2G4\">Ze Tij\u00ea<\/a>, of which he is one of the founders and with which he released two albums and made hundreds of concerts in Turkey.<\/p>\n<p>He took part as a composer, arranger and performer in the studio albums \u201cYanl\u0131\u015f\u0131m\u0131z Var!\u201d (2015) and \u201cUr\u201d (2019) released by the group that produces in postrock, collage and experimental genres. Since 2018, he has been continuing his music production with his solo concert series \u201cXo Bi Xo\u201d. This project, in which the musician includes songs in Kurmanci and Turkish as well as Zazaki, his mother tongue, has an experimental feel to it as well as traditional styles and themes.<\/p>\n<p>In addition, his oral history and field research studies, which he began in 2007, continue with the album &#8220;Ki\u011f\u0131&#8221;, which he released in 2022. Ki\u011f\u0131, which is also the birthplace of the musician, describes the specific musical language and style of an Anatolian\/Mesopotamian settlement.<\/p>\n<blockquote>\n<p style=\"font-weight: 400;\">Ali Do\u011fan G\u00f6n\u00fclta\u015f dazzles us with songs from a land that has always been a crossroads: the heart of Anatolia. Illuminating songs in Zazaiki, Kurdish, Armenian and Turkish show us the brilliant talent of an artist who has much to offer.<\/p>\n<p style=\"font-weight: 400; text-align: right;\"><em><span style=\"font-size: 10pt;\"><strong>Juan Antonio V\u00e1zquez, Mundofon\u00edas radio show &amp; Mil Mundos (Radio Cl\u00e1sica, Spanish National Radio), founder of Transglobal World Music Chart<\/strong><\/span><\/em><\/p>\n<p>An oral history project turning into a potent and superbly delivered musical journey giving voice to the multicultural styles and repertoires of Eastern Anatolia.<\/p>\n<p style=\"text-align: right;\"><em><strong>Ciro de Rosa, Blogfoolk (Italy)<\/strong><\/em><\/p>\n<\/blockquote>\n<p style=\"text-align: center;\"><strong><span style=\"font-size: 12pt;\">Watch the video of the first single,\u00a0<em>Bostano<\/em>\u00a0below. Listen to the album,\u00a0<a href=\"https:\/\/www.youtube.com\/watch?v=eLTIwo_6SoI&amp;list=PLyhkwvtejQbPRXCJ_eQgSxKDJpV-uoQW3\" target=\"_blank\" rel=\"noopener noreferrer\">here<\/a>.\u00a0<\/span><\/strong><\/p>\n<p style=\"text-align: center;\"><iframe loading=\"lazy\" title=\"Ali Do\u011fan G\u00f6n\u00fclta\u015f \/ Bostano [ Official Video ]\" src=\"https:\/\/www.youtube.com\/embed\/eLTIwo_6SoI\" width=\"653\" height=\"480\" frameborder=\"0\" allowfullscreen=\"allowfullscreen\"><\/iframe><\/p>\n<p style=\"letter-spacing: 0.5px; background-color: #fcfcfc;\"><em>Ki\u011f\u0131<\/em> is a personal look at the 150-year musical process of the village of Ki\u011f\u0131, the musician&#8217;s birthplace. It consists of works in the regional languages of Krmancki, Kurmanci, Kirdaski, Armenian and Turkish. The project evolved from an &#8220;oral history&#8221; motivation into a musical memory work. In the project, thematic contents and styles such as govend (traditional Kurdish dance), lament, job songs, prayer forms&#8230; are conveyed with the modal characteristics of the region. Learn a bit about this place in a mini-documentary about the creation of the album (Turkish with English subtitles):<\/p>\n<p style=\"text-align: center;\"><iframe loading=\"lazy\" title=\"Bir Yer \/ Cay\u00ea \/ A Land\" src=\"https:\/\/www.youtube.com\/embed\/kY0bm36p-lY\" width=\"853\" height=\"480\" frameborder=\"0\" allowfullscreen=\"allowfullscreen\"><\/iframe><\/p>\n<p><img loading=\"lazy\" decoding=\"async\" class=\"aligncenter wp-image-3175\" src=\"https:\/\/www.mapamundimusica.com\/wp-content\/uploads\/2022\/10\/alidogangonultas2.png\" alt=\"\" width=\"869\" height=\"358\" srcset=\"https:\/\/www.mapamundimusica.com\/wp-content\/uploads\/2022\/10\/alidogangonultas2.png 1356w, https:\/\/www.mapamundimusica.com\/wp-content\/uploads\/2022\/10\/alidogangonultas2-300x123.png 300w, https:\/\/www.mapamundimusica.com\/wp-content\/uploads\/2022\/10\/alidogangonultas2-768x316.png 768w, https:\/\/www.mapamundimusica.com\/wp-content\/uploads\/2022\/10\/alidogangonultas2-1024x421.png 1024w\" sizes=\"auto, (max-width: 869px) 100vw, 869px\" \/><\/p>\n<p style=\"text-align: center;\"><span style=\"font-size: 10pt;\">Photo of concert in Istambul, 21st October 2022, by M. Sait Ta\u015fk\u0131ran<\/span><\/p>\n<h2>Content of the workshop\u00a0<em><strong><b>Rhythm and Forms in Kurdish Music<\/b><\/strong><\/em><\/h2>\n<p>Undoubtedly, one of the greatest possibilities of the centuries-old oral tradition for the Kurds is music. Music is one of the strongest and most important transmitters of many experiences, thoughts and feelings spanning centuries for the Kurds and the peoples they live in the same geography.<\/p>\n<p>In this workshop, basic examples of various thematic and technical forms and systemic variations in Kurdish\/Kirmancki music will be explained.<\/p>\n<p>The workshop will begin with key concepts and a brief background. It will continue with examples from some thematic forms (migration, death, work, love, marriage, faith).<\/p>\n<p>The effects of themes on rhythmic structure will be explained with these examples. At the end of the workshop, a song will be sung with all participants.<\/p>\n<p>In the final, a track song by pastoral life will be performed. A simple pronunciation will be made on the text in which the word is written. This song, which has a clear and short sentence structure, will be performed with a choir, just like in the old Kurdish weddings.<\/p>\n<p><img loading=\"lazy\" decoding=\"async\" class=\"aligncenter wp-image-3165\" src=\"https:\/\/www.mapamundimusica.com\/wp-content\/uploads\/2022\/10\/alidogangonultas2.jpg\" alt=\"\" width=\"934\" height=\"1247\" srcset=\"https:\/\/www.mapamundimusica.com\/wp-content\/uploads\/2022\/10\/alidogangonultas2.jpg 4000w, https:\/\/www.mapamundimusica.com\/wp-content\/uploads\/2022\/10\/alidogangonultas2-225x300.jpg 225w, https:\/\/www.mapamundimusica.com\/wp-content\/uploads\/2022\/10\/alidogangonultas2-768x1025.jpg 768w, https:\/\/www.mapamundimusica.com\/wp-content\/uploads\/2022\/10\/alidogangonultas2-767x1024.jpg 767w\" sizes=\"auto, (max-width: 934px) 100vw, 934px\" \/><\/p>","protected":false},"excerpt":{"rendered":"<p>Download the complete dossier, here. Amazing young talent from eastern borderlands of Turkey. A dedicated brilliant young artist. Ali Do\u011fan is a marvelous upstart who defied and excelled in expectations. Kutay Kugay, programmer\/producer\/host at Acik Radyo, Istanbul Ali Do\u011fan G\u00f6n\u00fclta\u015f is an Anatolyan artist whose magnificent debut album Ki\u011f\u0131, for which he has been working [&hellip;]<\/p>\n","protected":false},"author":1,"featured_media":0,"parent":0,"menu_order":0,"comment_status":"closed","ping_status":"closed","template":"templates\/page-full-width.php","meta":{"footnotes":""},"class_list":["post-3113","page","type-page","status-publish","hentry"],"_links":{"self":[{"href":"https:\/\/www.mapamundimusica.com\/en\/wp-json\/wp\/v2\/pages\/3113","targetHints":{"allow":["GET"]}}],"collection":[{"href":"https:\/\/www.mapamundimusica.com\/en\/wp-json\/wp\/v2\/pages"}],"about":[{"href":"https:\/\/www.mapamundimusica.com\/en\/wp-json\/wp\/v2\/types\/page"}],"author":[{"embeddable":true,"href":"https:\/\/www.mapamundimusica.com\/en\/wp-json\/wp\/v2\/users\/1"}],"replies":[{"embeddable":true,"href":"https:\/\/www.mapamundimusica.com\/en\/wp-json\/wp\/v2\/comments?post=3113"}],"version-history":[{"count":17,"href":"https:\/\/www.mapamundimusica.com\/en\/wp-json\/wp\/v2\/pages\/3113\/revisions"}],"predecessor-version":[{"id":3178,"href":"https:\/\/www.mapamundimusica.com\/en\/wp-json\/wp\/v2\/pages\/3113\/revisions\/3178"}],"wp:attachment":[{"href":"https:\/\/www.mapamundimusica.com\/en\/wp-json\/wp\/v2\/media?parent=3113"}],"curies":[{"name":"wp","href":"https:\/\/api.w.org\/{rel}","templated":true}]}}