{"id":2808,"date":"2021-08-18T13:04:21","date_gmt":"2021-08-18T11:04:21","guid":{"rendered":"http:\/\/www.mapamundimusica.com\/?page_id=2808"},"modified":"2021-08-18T13:05:19","modified_gmt":"2021-08-18T11:05:19","slug":"jpk","status":"publish","type":"page","link":"https:\/\/www.mapamundimusica.com\/en\/jpk\/","title":{"rendered":"Janusz Prusinowski Kompania"},"content":{"rendered":"<h1 style=\"text-align: center;\"><span style=\"color: #ff6600;\">JANUSZ PRUSINOWSKI KOMPANIA<\/span><\/h1>\n<p><img loading=\"lazy\" decoding=\"async\" class=\"aligncenter wp-image-1289\" src=\"http:\/\/www.mapamundimusica.com\/wp-content\/uploads\/2019\/10\/januszprusinowskikompaniacerca-1024x594.jpg\" alt=\"\" width=\"762\" height=\"442\" srcset=\"https:\/\/www.mapamundimusica.com\/wp-content\/uploads\/2019\/10\/januszprusinowskikompaniacerca-1024x594.jpg 1024w, https:\/\/www.mapamundimusica.com\/wp-content\/uploads\/2019\/10\/januszprusinowskikompaniacerca-300x174.jpg 300w, https:\/\/www.mapamundimusica.com\/wp-content\/uploads\/2019\/10\/januszprusinowskikompaniacerca-768x445.jpg 768w\" sizes=\"auto, (max-width: 762px) 100vw, 762px\" \/><\/p>\n<table>\n<tbody>\n<tr>\n<td>The musical legacy that Poland has provided to the world is undoubtedly one of the largest and with widest reach. <em>Mazurkas <\/em>(<em>mazurek<\/em>), from a rural context, source for the inspiration of variants all over the world, from Sweden to Philippines, from Cabo Verde to Latin America, and <strong><em>polonaise<\/em> <\/strong>dances (<em>chodzony<\/em>), refined in the aristocratic circles, were terms of global outreach much more before the Information Age, systematized and raised to the classical music context by key composers, like the Romantic <strong>Fr\u00e9d\u00e9ric Chopin<\/strong> and much more, also not Polish ones, like <strong>Telemann, M\u00fasorgski, D\u00e9bussy, Ravel, Scriabin, Borodin, Dvo\u0159\u00e1k<\/strong> or <strong>Schubert.<\/strong><\/td>\n<td><iframe loading=\"lazy\" width=\"100%\" height=\"330\" scrolling=\"no\" frameborder=\"no\" src=\"https:\/\/w.soundcloud.com\/player?url=https%3A%2F%2Fsoundcloud.com%2Faracelitzigane%2Fsets%2Fjanusz-prusinowski-kompania&player_height=400&player_height_multi=330&player_width=&player_type=visual&color=&auto_play=false&show_comments=false&show_user=&buying=&sharing=&download=&show_artwork=&show_playcount=&hide_related=\"><\/iframe><\/td>\n<\/tr>\n<\/tbody>\n<\/table>\n<table style=\"border-collapse: collapse; width: 100%;\">\n<tbody>\n<tr>\n<td style=\"width: 100%; text-align: center;\"><iframe style=\"width: 120px; height: 240px;\" src=\"https:\/\/rcm-eu.amazon-adsystem.com\/e\/cm?ref=qf_sp_asin_til&amp;t=mbs0e9-21&amp;m=amazon&amp;o=30&amp;p=8&amp;l=as1&amp;IS1=1&amp;asins=B07PFRTBKC&amp;linkId=853a1c7eed5eb437078679920503b092&amp;bc1=000000&amp;lt1=_blank&amp;fc1=333333&amp;lc1=bf5600&amp;bg1=ffffff&amp;f=ifr\" frameborder=\"0\" marginwidth=\"0\" marginheight=\"0\" scrolling=\"no\"><br \/>\n<\/iframe><iframe style=\"width: 120px; height: 240px;\" src=\"https:\/\/rcm-eu.amazon-adsystem.com\/e\/cm?ref=qf_sp_asin_til&amp;t=mbs0e9-21&amp;m=amazon&amp;o=30&amp;p=8&amp;l=as1&amp;IS1=1&amp;asins=B00FGHCH44&amp;linkId=9266760e44e5ecd35e27976cee0215bf&amp;bc1=000000&amp;lt1=_blank&amp;fc1=333333&amp;lc1=bf5600&amp;bg1=ffffff&amp;f=ifr\" frameborder=\"0\" marginwidth=\"0\" marginheight=\"0\" scrolling=\"no\"><br \/>\n<\/iframe><iframe style=\"width: 120px; height: 240px;\" src=\"https:\/\/rcm-eu.amazon-adsystem.com\/e\/cm?ref=qf_sp_asin_til&amp;t=mbs0e9-21&amp;m=amazon&amp;o=30&amp;p=8&amp;l=as1&amp;IS1=1&amp;asins=B009TPKHV4&amp;linkId=ff79518407cf8874593f139f17834bf9&amp;bc1=000000&amp;lt1=_blank&amp;fc1=333333&amp;lc1=bf5600&amp;bg1=ffffff&amp;f=ifr\" frameborder=\"0\" marginwidth=\"0\" marginheight=\"0\" scrolling=\"no\"><br \/>\n<\/iframe><iframe style=\"width: 120px; height: 240px;\" src=\"https:\/\/rcm-eu.amazon-adsystem.com\/e\/cm?ref=qf_sp_asin_til&amp;t=mbs0e9-21&amp;m=amazon&amp;o=30&amp;p=8&amp;l=as1&amp;IS1=1&amp;asins=B009TPOIOQ&amp;linkId=0a510894919ffdce239750505d45a0d9&amp;bc1=000000&amp;lt1=_blank&amp;fc1=333333&amp;lc1=bf5600&amp;bg1=ffffff&amp;f=ifr\" frameborder=\"0\" marginwidth=\"0\" marginheight=\"0\" scrolling=\"no\"><br \/>\n<\/iframe><\/td>\n<\/tr>\n<\/tbody>\n<\/table>\n<p>Which is the deep emotion that underlie in a music that, refering to the Romantic character of the Spanish literature Don Juan, has climbed to the palaces and has gone down to the huts, that has gone across centuries and continents, in an unfinished transmutation? That is the same emotion, sometimes contained, sometimes unbridled, of the music that Janusz Prusinowski and his partners offer.<\/p>\n<p>Janusz and his team have found that emotion exactly in the bearers of that popular inheritance, in its living sources: the old rural musicians. From his contemporary approach, with that deep knowledge, combined with their high technical skills, Janusz and his partners take a step forward to build a new repertoire that creates beauty and truth.<\/p>\n<table style=\"width: 756px;\">\n<tbody>\n<tr style=\"height: 361.5px;\">\n<td style=\"width: 354.8px; height: 361.5px; vertical-align: top;\"><img loading=\"lazy\" decoding=\"async\" class=\"alignleft size-large wp-image-321\" src=\"http:\/\/www.mapamundimusica.com\/wp-content\/uploads\/2018\/02\/januszviolinsolo2-914x1024.jpg\" alt=\"\" width=\"914\" height=\"1024\" srcset=\"https:\/\/www.mapamundimusica.com\/wp-content\/uploads\/2018\/02\/januszviolinsolo2-914x1024.jpg 914w, https:\/\/www.mapamundimusica.com\/wp-content\/uploads\/2018\/02\/januszviolinsolo2-268x300.jpg 268w, https:\/\/www.mapamundimusica.com\/wp-content\/uploads\/2018\/02\/januszviolinsolo2-768x860.jpg 768w\" sizes=\"auto, (max-width: 914px) 100vw, 914px\" \/><\/td>\n<td style=\"width: 357.2px; height: 361.5px;\">We have available some different programs with Janusz Prusinowski Kompania:<\/p>\n<ul>\n<li><span style=\"font-size: 11pt;\">Janusz Prusinowski Kompania (we are their agents for Spain and Portugal, with their wonderful program of traditional Polish music and own compositions).\u00a0For other regions:\u00a0<a href=\"https:\/\/www.facebook.com\/wodzirejPL\/\">https:\/\/www.facebook.com\/wodzirejPL\/<\/a><\/span><\/li>\n<li><span style=\"font-size: 11pt;\">With\u00a0<span style=\"text-decoration: underline;\"><a href=\"http:\/\/www.mapamundimusica.com\/viguela-el-profundo-son-de-las-castillas\/\">Vig\u00fcela<\/a><\/span>\u00a0and Maria Siwiec: <span style=\"text-decoration: underline;\"><a href=\"http:\/\/www.mapamundimusica.com\/en\/viguela-maria-siwiec-janusz-prusinowski-kompania\/\"><em>Castile and Mazovia, from heart to heart<\/em><\/a><\/span><\/span><\/li>\n<li><span style=\"font-size: 11pt;\">With Miguel Ituarte: <span style=\"text-decoration: underline;\"><em><a href=\"http:\/\/www.mapamundimusica.com\/la-musica-de-chopin-y-la-raiz-tradicional\/\">Chopin&#8217;s music and traditional roots<\/a><\/em><\/span><\/span><\/li>\n<li><span style=\"font-size: 11pt;\">With Manu Sabat\u00e9: <span style=\"text-decoration: underline;\"><em><a href=\"http:\/\/www.mapamundimusica.com\/janusz-prusinowski-kompania-manu-sabate\/\">PolCat<\/a><\/em><\/span><\/span><\/li>\n<li><span style=\"font-size: 11pt;\">With Igal Mizrahi from\u00a0<span style=\"text-decoration: underline;\"><a href=\"http:\/\/www.mapamundimusica.com\/gulaza\/\">Gulaza<\/a>,<\/span> cooming soon<\/span><\/li>\n<\/ul>\n<\/td>\n<\/tr>\n<\/tbody>\n<\/table>\n<p>Janusz Prusinowski Kompania is the main representative of Polish traditional music, appreciated internationally both by the institutions and the public. At the same time, they are born entertainers, that combine their work in concerts in very diverse contexts, <strong>from rural parties to temples of music like the Carnegie Hall<\/strong> in New York, with <strong>folk dance workshops. <\/strong><\/p>\n<p>In another hand, Janusz and team are founders and promotors of contexts for culture, through the initiative of the <strong>Wszystkie Mazurki \u015awiata<\/strong>, in Warsaw, of which Janusz is the artistic director, where he creates moments for the meeting between the old rural masters and the new generations of musicians interested in traditional music.<\/p>\n<p style=\"text-align: center;\"><iframe loading=\"lazy\" src=\"https:\/\/www.youtube.com\/embed\/MNzbMfqjZCM\" width=\"360\" height=\"280\" frameborder=\"0\" allowfullscreen=\"allowfullscreen\"><\/iframe>\u00a0 <iframe loading=\"lazy\" src=\"https:\/\/www.youtube.com\/embed\/tdSjjJSYi7E\" width=\"360\" height=\"280\" frameborder=\"0\" allowfullscreen=\"allowfullscreen\"><\/iframe><\/p>\n<blockquote><p>\u201cThese guys play with high skill and all the fire and rhythmic energy of the village musicians they\u2019ve learned from [&#8230;]The music they produce, lurching, rhythm-jumping is vigorous, grainy-textured, even appearing rough on the surface, but in no way is any of the playing anything but extremely skilled\u201d <em>Andrew Cronshaw, artist and music critic in fRoots, Great Britain<\/em><\/p>\n<p>&#8220;A powerful statement of faith in the strength of Poland\u2019s traditional culture.&#8221; \u201cJanusz Prusinowski plays like a man possessed, flinging his head around as if incitingeveryone to dance. And he is a man possessed with a passion for Poland\u2019s village music and the three-beat rhythms of the mazurka (mazurek), oberek and polonaise\u201d. <em>Simon Broughton, music critic in Songlines, Great Britain<\/em><\/p>\n<p>&#8220;What struck me right away about this music was its amazing ability to mix the feel and power of village dance music with the personal contemporary sensibilities of the players.&#8221; <em>Michal Shapiro, Huffington Post, EEUU<\/em><\/p><\/blockquote>\n<p>During the last years, the appreciation of Janusz Prusinowski, as an artist and as an enterpreneur in cultural projects, has became more and more evident. He was awarded with the <strong>Gloria Artis medal<\/strong> and the <strong>Annual Award of the Ministry<\/strong>, that acknowledges a life\u2019s work, and more than 20 years of commitment with the revival, visibility and esteem of the legacy of Polish traditional music. In 2018 Janusz was nominee to the <strong>award for the Common Good<\/strong> by the presidence of Poland and on May 2019 the 4th album by the band is awarded as the <strong>best folk album<\/strong> by the Polish National Radio.<\/p>\n<p>The band <strong>has played all over Europe, at Canada and the USA,<\/strong> where they have played in temples of the music, like the Carnegie Hall in New York and the Chicago Symphony Center, also in Asia, and they have been selected for the most important global trade fair of world music: Womex Thessaloniki 2012 and Womex Cardiff 2013.\u00a0 In Spain they have performed many occasions in programs like <strong>Great Performers<\/strong>, by Comunidad de Madrid, or the festival <strong>Pirineos Sur<\/strong>. They mean a new phase on the long history of global conquest by Polish music.<\/p>\n<p><img loading=\"lazy\" decoding=\"async\" class=\"alignleft size-large wp-image-301\" src=\"http:\/\/www.mapamundimusica.com\/wp-content\/uploads\/2018\/02\/ISC_4605-3-1024x759.jpg\" alt=\"\" width=\"1024\" height=\"759\" srcset=\"https:\/\/www.mapamundimusica.com\/wp-content\/uploads\/2018\/02\/ISC_4605-3-1024x759.jpg 1024w, https:\/\/www.mapamundimusica.com\/wp-content\/uploads\/2018\/02\/ISC_4605-3-300x222.jpg 300w, https:\/\/www.mapamundimusica.com\/wp-content\/uploads\/2018\/02\/ISC_4605-3-768x569.jpg 768w\" sizes=\"auto, (max-width: 1024px) 100vw, 1024px\" \/><\/p>\n","protected":false},"excerpt":{"rendered":"<p>JANUSZ PRUSINOWSKI KOMPANIA The musical legacy that Poland has provided to the world is undoubtedly one of the largest and with widest reach. Mazurkas (mazurek), from a rural context, source for the inspiration of variants all over the world, from Sweden to Philippines, from Cabo Verde to Latin America, and polonaise dances (chodzony), refined in [&hellip;]<\/p>\n","protected":false},"author":1,"featured_media":0,"parent":0,"menu_order":0,"comment_status":"closed","ping_status":"closed","template":"","meta":{"footnotes":""},"class_list":["post-2808","page","type-page","status-publish","hentry"],"_links":{"self":[{"href":"https:\/\/www.mapamundimusica.com\/en\/wp-json\/wp\/v2\/pages\/2808","targetHints":{"allow":["GET"]}}],"collection":[{"href":"https:\/\/www.mapamundimusica.com\/en\/wp-json\/wp\/v2\/pages"}],"about":[{"href":"https:\/\/www.mapamundimusica.com\/en\/wp-json\/wp\/v2\/types\/page"}],"author":[{"embeddable":true,"href":"https:\/\/www.mapamundimusica.com\/en\/wp-json\/wp\/v2\/users\/1"}],"replies":[{"embeddable":true,"href":"https:\/\/www.mapamundimusica.com\/en\/wp-json\/wp\/v2\/comments?post=2808"}],"version-history":[{"count":2,"href":"https:\/\/www.mapamundimusica.com\/en\/wp-json\/wp\/v2\/pages\/2808\/revisions"}],"predecessor-version":[{"id":2810,"href":"https:\/\/www.mapamundimusica.com\/en\/wp-json\/wp\/v2\/pages\/2808\/revisions\/2810"}],"wp:attachment":[{"href":"https:\/\/www.mapamundimusica.com\/en\/wp-json\/wp\/v2\/media?parent=2808"}],"curies":[{"name":"wp","href":"https:\/\/api.w.org\/{rel}","templated":true}]}}