{"id":1545,"date":"2020-01-09T09:01:51","date_gmt":"2020-01-09T09:01:51","guid":{"rendered":"http:\/\/www.mapamundimusica.com\/?page_id=1545"},"modified":"2020-01-09T10:54:09","modified_gmt":"2020-01-09T10:54:09","slug":"sazet","status":"publish","type":"page","link":"https:\/\/www.mapamundimusica.com\/en\/sazet\/","title":{"rendered":"Sazet e Permetit AL"},"content":{"rendered":"<p><\/p>\n<h1 style=\"text-align: center;\">Sazet e Permetit<\/h1>\n<h2>Isopoliphony from the South of Albania<\/h2>\n<h4>The village of P\u00ebrmet, at the South of Albania, near the Greek Epirus, in the\u00a0K\u00eblcyr\u00eb canyon, between the river Vjos\u00eb and the Nem\u00ebr\u00e7k\u00eb mountain range, is the homeland of Sazet e Permetit.<\/h4>\n<p><img loading=\"lazy\" decoding=\"async\" class=\"aligncenter wp-image-1549\" src=\"http:\/\/www.mapamundimusica.com\/wp-content\/uploads\/2020\/01\/2019102_20sazet_205_20by_20sezetepermetit-b-1024x736.jpg\" alt=\"\" width=\"859\" height=\"617\" srcset=\"https:\/\/www.mapamundimusica.com\/wp-content\/uploads\/2020\/01\/2019102_20sazet_205_20by_20sezetepermetit-b-1024x736.jpg 1024w, https:\/\/www.mapamundimusica.com\/wp-content\/uploads\/2020\/01\/2019102_20sazet_205_20by_20sezetepermetit-b-300x216.jpg 300w, https:\/\/www.mapamundimusica.com\/wp-content\/uploads\/2020\/01\/2019102_20sazet_205_20by_20sezetepermetit-b-768x552.jpg 768w, https:\/\/www.mapamundimusica.com\/wp-content\/uploads\/2020\/01\/2019102_20sazet_205_20by_20sezetepermetit-b.jpg 1400w\" sizes=\"auto, (max-width: 859px) 100vw, 859px\" \/><\/p>\n<p>Perhaps the rugged geography of their land has made it possible that this music, so different from everything else, so surprising and bewitching, emerged and has been kept to this day: the isopolyphony. The prefix <em>iso<\/em> derives from the <em>ison<\/em> of Byzantine liturgical music, which refers to the drone that accompanies the polyphonic song. In Albanian polyphonic singing, there are usually two or three solo voices, accompanied by a deep drone. The drone is usually sung by the voices of the group choir.<\/p>\n<p><strong>Sazet and Permetit<\/strong> are a prominent example of this musical style, declared in 2008 as <strong>intangible heritage of humanity<\/strong> by Unesco. They combine the authenticity of their ancestral music with the ability to create a show that has been at stages throughout the Balkans and several countries in Europe, exciting the public with virtuosity in the instruments and the impressive polyphonic singing.<\/p>\n<p>They have released several CDs in Albania to preserve and document the great vocal tradition and rich repertoire of their region, which includes songs about important social rites such as weddings, funerals, harvest festivals, religious celebrations and local folk songs, sung in isopolyphonic style. The <em>borrohite<\/em> is a funeral song sung by shepherds and the <em>bejte<\/em> is a humorous piece of simple verse known throughout Albania. Probably the oldest known isopolyphonic song is &#8216;<em>E qara me messenger, me grik\u00eb<\/em>&#8216;, which dates back to an ancient death ritual and consists of a fragment of a popular tragedy.<\/p>\n<p><span style=\"font-size: 10pt;\">Portraits, courtesy of albaKultur.\u00a0<\/span><\/p>\n<table style=\"border-collapse: collapse; width: 100%;\">\n<tbody>\n<tr>\n<td style=\"width: 20%;\"><img loading=\"lazy\" decoding=\"async\" class=\" wp-image-1553 alignleft\" src=\"http:\/\/www.mapamundimusica.com\/wp-content\/uploads\/2020\/01\/Sazet-Sadik-Zeqiri-by-Alex-Gregor-P1100136-1024x768.jpg\" alt=\"\" width=\"212\" height=\"159\" srcset=\"https:\/\/www.mapamundimusica.com\/wp-content\/uploads\/2020\/01\/Sazet-Sadik-Zeqiri-by-Alex-Gregor-P1100136-1024x768.jpg 1024w, https:\/\/www.mapamundimusica.com\/wp-content\/uploads\/2020\/01\/Sazet-Sadik-Zeqiri-by-Alex-Gregor-P1100136-300x225.jpg 300w, https:\/\/www.mapamundimusica.com\/wp-content\/uploads\/2020\/01\/Sazet-Sadik-Zeqiri-by-Alex-Gregor-P1100136-768x576.jpg 768w\" sizes=\"auto, (max-width: 212px) 100vw, 212px\" \/><\/td>\n<td style=\"width: 20%;\"><img loading=\"lazy\" decoding=\"async\" class=\"wp-image-1552 alignleft\" src=\"http:\/\/www.mapamundimusica.com\/wp-content\/uploads\/2020\/01\/Sazet-Fredi-Daci-by-Alex-Gregor-P1090989-1024x768.jpg\" alt=\"\" width=\"213\" height=\"160\" srcset=\"https:\/\/www.mapamundimusica.com\/wp-content\/uploads\/2020\/01\/Sazet-Fredi-Daci-by-Alex-Gregor-P1090989-1024x768.jpg 1024w, https:\/\/www.mapamundimusica.com\/wp-content\/uploads\/2020\/01\/Sazet-Fredi-Daci-by-Alex-Gregor-P1090989-300x225.jpg 300w, https:\/\/www.mapamundimusica.com\/wp-content\/uploads\/2020\/01\/Sazet-Fredi-Daci-by-Alex-Gregor-P1090989-768x576.jpg 768w\" sizes=\"auto, (max-width: 213px) 100vw, 213px\" \/><\/td>\n<td style=\"width: 20%;\"><img loading=\"lazy\" decoding=\"async\" class=\"wp-image-1551 alignleft\" src=\"http:\/\/www.mapamundimusica.com\/wp-content\/uploads\/2020\/01\/Sazet-Artur-Zeqiri-by-Alex-Gregor-P1090938-1024x768.jpg\" alt=\"\" width=\"213\" height=\"160\" srcset=\"https:\/\/www.mapamundimusica.com\/wp-content\/uploads\/2020\/01\/Sazet-Artur-Zeqiri-by-Alex-Gregor-P1090938-1024x768.jpg 1024w, https:\/\/www.mapamundimusica.com\/wp-content\/uploads\/2020\/01\/Sazet-Artur-Zeqiri-by-Alex-Gregor-P1090938-300x225.jpg 300w, https:\/\/www.mapamundimusica.com\/wp-content\/uploads\/2020\/01\/Sazet-Artur-Zeqiri-by-Alex-Gregor-P1090938-768x576.jpg 768w\" sizes=\"auto, (max-width: 213px) 100vw, 213px\" \/><\/td>\n<td style=\"width: 20%;\"><img loading=\"lazy\" decoding=\"async\" class=\"wp-image-1550 alignleft\" src=\"http:\/\/www.mapamundimusica.com\/wp-content\/uploads\/2020\/01\/Sazet-Alban-Zeqiri-by-Alex-Gregor-P1090998-1024x768.jpg\" alt=\"\" width=\"210\" height=\"158\" srcset=\"https:\/\/www.mapamundimusica.com\/wp-content\/uploads\/2020\/01\/Sazet-Alban-Zeqiri-by-Alex-Gregor-P1090998-1024x768.jpg 1024w, https:\/\/www.mapamundimusica.com\/wp-content\/uploads\/2020\/01\/Sazet-Alban-Zeqiri-by-Alex-Gregor-P1090998-300x225.jpg 300w, https:\/\/www.mapamundimusica.com\/wp-content\/uploads\/2020\/01\/Sazet-Alban-Zeqiri-by-Alex-Gregor-P1090998-768x576.jpg 768w\" sizes=\"auto, (max-width: 210px) 100vw, 210px\" \/><\/td>\n<td style=\"width: 20%;\"><img loading=\"lazy\" decoding=\"async\" class=\" wp-image-1548 alignleft\" src=\"http:\/\/www.mapamundimusica.com\/wp-content\/uploads\/2020\/01\/Sazet-Ylli-Mu\u00e7o-by-Alex-Gregor-P1090894-1024x768.jpg\" alt=\"\" width=\"209\" height=\"157\" srcset=\"https:\/\/www.mapamundimusica.com\/wp-content\/uploads\/2020\/01\/Sazet-Ylli-Mu\u00e7o-by-Alex-Gregor-P1090894-1024x768.jpg 1024w, https:\/\/www.mapamundimusica.com\/wp-content\/uploads\/2020\/01\/Sazet-Ylli-Mu\u00e7o-by-Alex-Gregor-P1090894-300x225.jpg 300w, https:\/\/www.mapamundimusica.com\/wp-content\/uploads\/2020\/01\/Sazet-Ylli-Mu\u00e7o-by-Alex-Gregor-P1090894-768x576.jpg 768w\" sizes=\"auto, (max-width: 209px) 100vw, 209px\" \/><\/td>\n<\/tr>\n<\/tbody>\n<\/table>\n<table style=\"border-collapse: collapse; width: 100%;\">\n<tbody>\n<tr>\n<td style=\"width: 100%; text-align: center;\">With this artist, we work for any country and in collaboration with <a href=\"http:\/\/www.albakultur.de\/\">albaKultur<\/a>.<\/td>\n<\/tr>\n<\/tbody>\n<\/table>\n<p style=\"text-align: center;\"><iframe loading=\"lazy\" src=\"https:\/\/www.youtube.com\/embed\/wcH2F99sWGE\" width=\"700\" height=\"422\" frameborder=\"0\" allowfullscreen=\"allowfullscreen\"><\/iframe><br \/>\n<iframe loading=\"lazy\" src=\"https:\/\/www.youtube.com\/embed\/bVawQX9hLzo\" width=\"700\" height=\"422\" frameborder=\"0\" allowfullscreen=\"allowfullscreen\"><\/iframe><br \/>\n<iframe loading=\"lazy\" src=\"https:\/\/www.youtube.com\/embed\/WX6POw14UgE\" width=\"700\" height=\"422\" frameborder=\"0\" allowfullscreen=\"allowfullscreen\"><\/iframe><\/p>\n<p><\/p>","protected":false},"excerpt":{"rendered":"<p>Sazet e Permetit Isopoliphony from the South of Albania The village of P\u00ebrmet, at the South of Albania, near the Greek Epirus, in the\u00a0K\u00eblcyr\u00eb canyon, between the river Vjos\u00eb and the Nem\u00ebr\u00e7k\u00eb mountain range, is the homeland of Sazet e Permetit. Perhaps the rugged geography of their land has made it possible that this music, [&hellip;]<\/p>\n","protected":false},"author":1,"featured_media":0,"parent":0,"menu_order":0,"comment_status":"closed","ping_status":"closed","template":"","meta":{"footnotes":""},"class_list":["post-1545","page","type-page","status-publish","hentry"],"_links":{"self":[{"href":"https:\/\/www.mapamundimusica.com\/en\/wp-json\/wp\/v2\/pages\/1545","targetHints":{"allow":["GET"]}}],"collection":[{"href":"https:\/\/www.mapamundimusica.com\/en\/wp-json\/wp\/v2\/pages"}],"about":[{"href":"https:\/\/www.mapamundimusica.com\/en\/wp-json\/wp\/v2\/types\/page"}],"author":[{"embeddable":true,"href":"https:\/\/www.mapamundimusica.com\/en\/wp-json\/wp\/v2\/users\/1"}],"replies":[{"embeddable":true,"href":"https:\/\/www.mapamundimusica.com\/en\/wp-json\/wp\/v2\/comments?post=1545"}],"version-history":[{"count":11,"href":"https:\/\/www.mapamundimusica.com\/en\/wp-json\/wp\/v2\/pages\/1545\/revisions"}],"predecessor-version":[{"id":1563,"href":"https:\/\/www.mapamundimusica.com\/en\/wp-json\/wp\/v2\/pages\/1545\/revisions\/1563"}],"wp:attachment":[{"href":"https:\/\/www.mapamundimusica.com\/en\/wp-json\/wp\/v2\/media?parent=1545"}],"curies":[{"name":"wp","href":"https:\/\/api.w.org\/{rel}","templated":true}]}}