{"id":1517,"date":"2020-01-05T11:43:11","date_gmt":"2020-01-05T11:43:11","guid":{"rendered":"http:\/\/www.mapamundimusica.com\/?page_id=1517"},"modified":"2020-01-05T12:18:12","modified_gmt":"2020-01-05T12:18:12","slug":"storiesclm","status":"publish","type":"page","link":"https:\/\/www.mapamundimusica.com\/en\/storiesclm\/","title":{"rendered":"From Quixote to Almod\u00f3var"},"content":{"rendered":"<p><\/p>\n<h1>The biggest stories from Castilla-La Mancha<\/h1>\n<h5><span style=\"font-size: 14pt; color: #333333;\">Castilla-La Mancha, a land worldwide known thanks to the timeless myth of Don Quixote, the land of the birth one of the biggest contemporary Spanish creators, is also a land of rustic beauty, stricking nature and tasty delicacies. Discover Castilla-La Mancha and neighbours landmarks, following their thraces.<\/span><\/h5>\n<p><img loading=\"lazy\" decoding=\"async\" class=\"aligncenter size-full wp-image-1518\" src=\"http:\/\/www.mapamundimusica.com\/wp-content\/uploads\/2020\/01\/top.png\" alt=\"\" width=\"719\" height=\"710\" srcset=\"https:\/\/www.mapamundimusica.com\/wp-content\/uploads\/2020\/01\/top.png 719w, https:\/\/www.mapamundimusica.com\/wp-content\/uploads\/2020\/01\/top-300x296.png 300w\" sizes=\"auto, (max-width: 719px) 100vw, 719px\" \/><\/p>\n<p><img loading=\"lazy\" decoding=\"async\" class=\" wp-image-1522 alignleft\" src=\"http:\/\/www.mapamundimusica.com\/wp-content\/uploads\/2020\/01\/verticalweb.png\" alt=\"\" width=\"321\" height=\"550\" srcset=\"https:\/\/www.mapamundimusica.com\/wp-content\/uploads\/2020\/01\/verticalweb.png 392w, https:\/\/www.mapamundimusica.com\/wp-content\/uploads\/2020\/01\/verticalweb-175x300.png 175w\" sizes=\"auto, (max-width: 321px) 100vw, 321px\" \/>Our trip starts at the &#8220;Madrid de la Movida&#8221;, at the referential places that, in the 80s, created the breeding ground for the irreverent beginnings of Almod\u00f3var. after the steps of Cervantes in the capital, we will discover where the print was printed Quixote for the first time.<\/p>\n<p>In Castilla-La Mancha, we will face the famous giant-mills. Maybe we will see their blades gradually become menacing arms&#8230; We will tame them with music! We will visit the homeland of the filmmaker, Calzada de Calatrava, with that &#8220;mancheguity&#8221; that is so present in his work.<\/p>\n<p>The amazing nature of Ruidera, in which water becomes the protagonist, will be the common thread to discover surprising places of symbiosis between the human being and the earth.<\/p>\n<p>After that, we will sleep on Valencian soil. The music of &#8220;cant d&#8217;estil&#8221; and other traditional styles will lull us, to culminate in Paterna, whose cave houses in Paterna will inmmerse us in the universe of &#8220;Pain and Glory&#8221;.<\/p>\n<p>Credits (all pictures from Wikipedia, except El Palentino): Quijote (Viktor Malinovskiy), Pedro Almod\u00f3var (Ruben Ortega), Consuegra (DavidDaguerro), El Palentino (own work), Alcal\u00e1 del J\u00facar (Pacodonderis), Paterna (Sal34).<\/p>\n<p>&nbsp;<\/p>\n<p>For more information and to request a quote: +34 695 13 43 45 | +34 676 30 28 82<\/p>\n<p><iframe loading=\"lazy\" src=\"https:\/\/www.youtube.com\/embed\/M23gO9o9AjM\" width=\"650\" height=\"350\" frameborder=\"0\" allowfullscreen=\"allowfullscreen\"><span data-mce-type=\"bookmark\" style=\"display: inline-block; width: 0px; overflow: hidden; line-height: 0;\" class=\"mce_SELRES_start\">\ufeff<\/span><span data-mce-type=\"bookmark\" style=\"display: inline-block; width: 0px; overflow: hidden; line-height: 0;\" class=\"mce_SELRES_start\">\ufeff<\/span><\/iframe><br \/>\n<iframe loading=\"lazy\" width=\"650\" height=\"350\" src=\"https:\/\/www.youtube.com\/embed\/WEqLYVs2GDc\" frameborder=\"0\" allow=\"accelerometer; autoplay; encrypted-media; gyroscope; picture-in-picture\" allowfullscreen><\/iframe><br \/>\n<iframe loading=\"lazy\" src=\"https:\/\/www.youtube.com\/embed\/D6e2CAfkKRs\" width=\"650\" height=\"350\" frameborder=\"0\" allowfullscreen=\"allowfullscreen\"><span data-mce-type=\"bookmark\" style=\"display: inline-block; width: 0px; overflow: hidden; line-height: 0;\" class=\"mce_SELRES_start\">\ufeff<\/span><\/iframe><\/p>","protected":false},"excerpt":{"rendered":"<p>The biggest stories from Castilla-La Mancha Castilla-La Mancha, a land worldwide known thanks to the timeless myth of Don Quixote, the land of the birth one of the biggest contemporary Spanish creators, is also a land of rustic beauty, stricking nature and tasty delicacies. Discover Castilla-La Mancha and neighbours landmarks, following their thraces. Our trip [&hellip;]<\/p>\n","protected":false},"author":1,"featured_media":0,"parent":0,"menu_order":0,"comment_status":"closed","ping_status":"closed","template":"","meta":{"footnotes":""},"class_list":["post-1517","page","type-page","status-publish","hentry"],"_links":{"self":[{"href":"https:\/\/www.mapamundimusica.com\/en\/wp-json\/wp\/v2\/pages\/1517","targetHints":{"allow":["GET"]}}],"collection":[{"href":"https:\/\/www.mapamundimusica.com\/en\/wp-json\/wp\/v2\/pages"}],"about":[{"href":"https:\/\/www.mapamundimusica.com\/en\/wp-json\/wp\/v2\/types\/page"}],"author":[{"embeddable":true,"href":"https:\/\/www.mapamundimusica.com\/en\/wp-json\/wp\/v2\/users\/1"}],"replies":[{"embeddable":true,"href":"https:\/\/www.mapamundimusica.com\/en\/wp-json\/wp\/v2\/comments?post=1517"}],"version-history":[{"count":15,"href":"https:\/\/www.mapamundimusica.com\/en\/wp-json\/wp\/v2\/pages\/1517\/revisions"}],"predecessor-version":[{"id":1534,"href":"https:\/\/www.mapamundimusica.com\/en\/wp-json\/wp\/v2\/pages\/1517\/revisions\/1534"}],"wp:attachment":[{"href":"https:\/\/www.mapamundimusica.com\/en\/wp-json\/wp\/v2\/media?parent=1517"}],"curies":[{"name":"wp","href":"https:\/\/api.w.org\/{rel}","templated":true}]}}