{"id":1458,"date":"2019-12-23T09:15:35","date_gmt":"2019-12-23T09:15:35","guid":{"rendered":"http:\/\/www.mapamundimusica.com\/?page_id=1458"},"modified":"2021-11-22T19:01:51","modified_gmt":"2021-11-22T18:01:51","slug":"harmonia","status":"publish","type":"page","link":"https:\/\/www.mapamundimusica.com\/en\/harmonia\/","title":{"rendered":"Janusz Prusinowski Kompania Harmonia Polska"},"content":{"rendered":"<p><img loading=\"lazy\" decoding=\"async\" class=\"wp-image-1460 aligncenter\" src=\"http:\/\/www.mapamundimusica.com\/wp-content\/uploads\/2019\/12\/januszharmoniapolskaweb-1024x536.jpg\" alt=\"Janusz Prusinowski Kompania Harmonia Polska Polish Accordeon\" width=\"933\" height=\"488\" srcset=\"https:\/\/www.mapamundimusica.com\/wp-content\/uploads\/2019\/12\/januszharmoniapolskaweb-1024x536.jpg 1024w, https:\/\/www.mapamundimusica.com\/wp-content\/uploads\/2019\/12\/januszharmoniapolskaweb-300x157.jpg 300w, https:\/\/www.mapamundimusica.com\/wp-content\/uploads\/2019\/12\/januszharmoniapolskaweb-768x402.jpg 768w, https:\/\/www.mapamundimusica.com\/wp-content\/uploads\/2019\/12\/januszharmoniapolskaweb.jpg 1200w\" sizes=\"auto, (max-width: 933px) 100vw, 933px\" \/><\/p>\n<p><img decoding=\"async\" class=\"mcnImage alignleft\" style=\"color: #747474; font-family: 'Open Sans', sans-serif; font-size: 14px;\" src=\"https:\/\/gallery.mailchimp.com\/993c677d53044839b1b39b2dc\/images\/634065af-471d-4a97-b581-e6949483dc52.jpg\" alt=\"\" width=\"264\" \/><\/p>\n<p>&nbsp;<\/p>\n<p>The traditional music in Poland has kept alive two kind of accordions, the <em><strong>harmonia polska<\/strong><\/em>\u00a0and the more ancient\u00a0<em><strong>harmonia peda\u0142owa\u00a0<\/strong><\/em>(with pedals instead of bellows), that was very popular in Poland in the decade of the 30s but, nowadays, it is quite unknown and rarely played.<\/p>\n<p>The <em>harmonias<\/em> were built in little workshops of Poland, mainly in areas where metals, wood and leather were used for other purposes, from the end of XIX century to the I World War. They were customised according the client&#8217;s needs and taste. Nowadays, they are not built any more so, the ones that are still in good conditions, are very appreciated objects that bring back memories of olden times.<\/p>\n<p>Janusz&#8217;s harmonia peda\u0142owa\u00a0is<strong>\u00a0one century old<\/strong> and its sound is ancient and exotic. It&#8217;s like a travel to an Europe in a lost time when borders kept the singularity of the artistic expression of the peoples, from the hands of a contemporary musician that has got to bring the village music to an urban and cosmopolitan frame.<\/p>\n<table style=\"border-collapse: collapse; width: 100%;\">\n<tbody>\n<tr>\n<td style=\"width: 50%;\" valign=\"TOP\">\n<h5><strong>Links to Prusinowski&#8217;s work with harmonias:<\/strong><\/h5>\n<div>\n<p><strong>\u00b7\u00a0<\/strong><a href=\"https:\/\/soundcloud.com\/user-287446268\/sets\/janusz-prusinowski-harmonia\" target=\"_blank\" rel=\"noopener noreferrer\">Accordion pieces audio\u00a0playlist<\/a><\/p>\n<p>Live video\u00a0at Polish National Radio:<br \/>\n<strong>\u00b7\u00a0<\/strong><a href=\"https:\/\/www.youtube.com\/watch?v=awakMQDm4rw&amp;feature=youtu.be&amp;t=285\" target=\"_blank\" rel=\"noopener noreferrer\">Moj boche kochany<\/a><br \/>\n<strong>\u00b7\u00a0<\/strong><a href=\"https:\/\/www.youtube.com\/watch?v=awakMQDm4rw&amp;feature=youtu.be&amp;t=2413\" target=\"_blank\" rel=\"noopener noreferrer\">Dobrzelin<\/a><br \/>\n<strong>\u00b7\u00a0<\/strong><a href=\"https:\/\/www.youtube.com\/watch?v=awakMQDm4rw&amp;feature=youtu.be&amp;t=3240\" target=\"_blank\" rel=\"noopener noreferrer\">Where is this love<\/a><\/p>\n<\/div>\n<div>Live videos at the Festival of Accordion in Torres Vedras (Portugal):<\/div>\n<div>With harmonia polska:<\/div>\n<div><strong>\u00b7\u00a0<\/strong><a href=\"https:\/\/www.youtube.com\/watch?v=6LvG_4GBm3E\" target=\"_blank\" rel=\"noopener noreferrer\">Za las, chlopy<\/a><br \/>\n<strong>\u00b7\u00a0<\/strong><a href=\"https:\/\/www.youtube.com\/watch?v=LI9j_pJqxL8\" target=\"_blank\" rel=\"noopener noreferrer\">Polonese<\/a><\/div>\n<div>With harmonia peda\u0142owa:<\/div>\n<div>\u00b7\u00a0<a href=\"https:\/\/www.youtube.com\/watch?v=pWsNcAdDUL0&amp;feature=youtu.be&amp;t=112\" target=\"_blank\" rel=\"noopener noreferrer\">Mazurek 1<\/a><br \/>\n<strong>\u00b7\u00a0<\/strong><a href=\"https:\/\/www.youtube.com\/watch?v=Kh5tZvwjgBU\" target=\"_blank\" rel=\"noopener noreferrer\">Mazurek\u00a02<\/a><\/div>\n<\/td>\n<td style=\"width: 50%;\" valign=\"TOP\">\n<h5><strong>Links to other&#8217;s works with harmonias, thanks to <a href=\"https:\/\/www.muzykaodnaleziona.pl\/\">Muzyka Odnaleziona<\/a>:<\/strong><\/h5>\n<div>Stanis\u0142aw St\u0119pniak:<\/div>\n<div><strong>\u00b7 <\/strong><a href=\"https:\/\/www.youtube.com\/watch?v=4K9vmOoPfXo\">Live in Radom, 1987<\/a><\/div>\n<div>\n<p><strong>\u00b7<\/strong> <a href=\"https:\/\/www.youtube.com\/watch?v=Z1L3mbtTVyI\">Live in Radom, 1999\u00a0<\/a><\/p>\n<div><\/div>\n<p>Mariam Pe\u0142ka:<br \/>\n<strong>\u00b7 <\/strong><a href=\"https:\/\/www.youtube.com\/watch?v=6uSUMb5c7Sk\">Live in K\u0142udno, 1987\u00a0<\/a><\/p>\n<div><\/div>\n<div>J\u00f3zef \u0141om\u017ca:<\/div>\n<div>\n<p><strong>\u00b7 <\/strong><a href=\"https:\/\/www.youtube.com\/watch?v=jpewoVNTKsk\">Live in Czarnocin, 1991\u00a0<\/a><\/p>\n<div><\/div>\n<div>Stanis\u0142aw Giba\u0142a:<\/div>\n<div>\n<p><strong>\u00b7 <\/strong><a href=\"https:\/\/www.youtube.com\/watch?v=EoyVfs52hck\">Live in Radom, 1989<\/a><\/p>\n<\/div>\n<div><\/div>\n<\/div>\n<\/div>\n<\/td>\n<\/tr>\n<\/tbody>\n<\/table>\n<div><strong>The strenght of a vision<\/strong><\/div>\n<p>Janusz Prusinowski is multi-instrumentalist and a fascinating singer that has<strong>\u00a0toured intensively\u00a0<\/strong>with his Kompania,<strong>\u00a0leads several festivals<\/strong>\u00a0in Poland and\u00a0<strong>teaches hundreds of pupils<\/strong>\u00a0every year in his own land and abroad in workshops of music and dance.<\/p>\n<div>\n<p><img loading=\"lazy\" decoding=\"async\" class=\"alignleft\" src=\"https:\/\/gallery.mailchimp.com\/993c677d53044839b1b39b2dc\/images\/eca897cb-93a1-4eba-aadd-987b56bdc78c.jpg\" width=\"300\" height=\"296\" align=\"left\" data-file-id=\"4496289\" \/><\/p>\n<hr \/>\n<h5><strong>Janusz Prusinowski has been\u00a0awarded with:<\/strong><\/h5>\n<\/div>\n<p>\u2022 Gloria Artis Bronze Medal by the Ministry of Culture and Heritage of Poland, 2014<\/p>\n<p>\u2022 Annual award of the Ministry of Culture, 2015<\/p>\n<p>\u2022\u00a0 Nominee to the award for the Common Good by the Presidency, 2018<\/p>\n<p>\u2022\u00a0 Best folk album of the year by Polish National Radio, 2019<\/p>\n<p>\u2022 15th album of the World 2019 for Transglobal World Music Chart<\/p>\n<p>\u2022 In 2021 he has been inductee in the first edition of the Transglobal World Music Hall of Fame<\/p>\n<div>\n<hr \/>\n<p>Apart of the superb delighting moment that is to attend one of the concerts by Janusz and his Kompania, it means to experience\u00a0<strong>the heritage of the old masters that trusted their art in those enthusiastic young musicians<\/strong> that started to take the village music out of the ostracism at the beggining of 90s. It&#8217;s a unique <b class=\"b5\">aesthetic experience that surprises in every moment.<\/b><\/p>\n<\/div>\n<div style=\"text-align: center;\"><iframe loading=\"lazy\" title=\"YouTube video player\" src=\"https:\/\/www.youtube.com\/embed\/z4QkjbUjxJg\" width=\"640\" height=\"480\" frameborder=\"0\" allowfullscreen=\"allowfullscreen\"><\/iframe><\/div>\n<div><\/div>\n<div style=\"text-align: center;\"><iframe loading=\"lazy\" title=\"YouTube video player\" src=\"https:\/\/www.youtube.com\/embed\/oxi8hI47LsQ\" width=\"853\" height=\"480\" frameborder=\"0\" allowfullscreen=\"allowfullscreen\"><\/iframe><\/div>\n<div><\/div>\n<div style=\"text-align: center;\"><iframe loading=\"lazy\" title=\"YouTube video player\" src=\"https:\/\/www.youtube.com\/embed\/Kh5tZvwjgBU\" width=\"853\" height=\"480\" frameborder=\"0\" allowfullscreen=\"allowfullscreen\"><\/iframe><\/div>\n<div><\/div>\n<div style=\"text-align: center;\"><iframe loading=\"lazy\" title=\"YouTube video player\" src=\"https:\/\/www.youtube.com\/embed\/zNds9S1l0mY\" width=\"853\" height=\"480\" frameborder=\"0\" allowfullscreen=\"allowfullscreen\"><\/iframe><\/div>\n<div style=\"text-align: center;\"><\/div>\n<div style=\"text-align: center;\"><iframe loading=\"lazy\" title=\"YouTube video player\" src=\"https:\/\/www.youtube.com\/embed\/tdSjjJSYi7E?list=PLJj6vv3Zj0TYgmymaUg6MVZuZLGzwf5s8\" width=\"853\" height=\"480\" frameborder=\"0\" allowfullscreen=\"allowfullscreen\"><\/iframe><\/div>\n<div style=\"text-align: center;\"><iframe loading=\"lazy\" title=\"YouTube video player\" src=\"https:\/\/www.youtube.com\/embed\/wKj0qctERwE?list=PLJj6vv3Zj0TYgmymaUg6MVZuZLGzwf5s8\" width=\"853\" height=\"480\" frameborder=\"0\" allowfullscreen=\"allowfullscreen\"><\/iframe><\/div>\n<div><\/div>\n<div>Pictures credits:<\/div>\n<ul>\n<li><a href=\"https:\/\/www.behance.net\/ruuzgasterb9fc\">Aleksandra R\u00f3zga (first one)<\/a><\/li>\n<li>Dorota Murzynowska (third one)<\/li>\n<li>Isa S\u00e1iz (forth one)<\/li>\n<\/ul>\n<p><\/p>","protected":false},"excerpt":{"rendered":"<p>&nbsp; The traditional music in Poland has kept alive two kind of accordions, the harmonia polska\u00a0and the more ancient\u00a0harmonia peda\u0142owa\u00a0(with pedals instead of bellows), that was very popular in Poland in the decade of the 30s but, nowadays, it is quite unknown and rarely played. The harmonias were built in little workshops of Poland, mainly [&hellip;]<\/p>\n","protected":false},"author":1,"featured_media":0,"parent":0,"menu_order":0,"comment_status":"closed","ping_status":"closed","template":"templates\/page-full-width.php","meta":{"footnotes":""},"class_list":["post-1458","page","type-page","status-publish","hentry"],"_links":{"self":[{"href":"https:\/\/www.mapamundimusica.com\/en\/wp-json\/wp\/v2\/pages\/1458","targetHints":{"allow":["GET"]}}],"collection":[{"href":"https:\/\/www.mapamundimusica.com\/en\/wp-json\/wp\/v2\/pages"}],"about":[{"href":"https:\/\/www.mapamundimusica.com\/en\/wp-json\/wp\/v2\/types\/page"}],"author":[{"embeddable":true,"href":"https:\/\/www.mapamundimusica.com\/en\/wp-json\/wp\/v2\/users\/1"}],"replies":[{"embeddable":true,"href":"https:\/\/www.mapamundimusica.com\/en\/wp-json\/wp\/v2\/comments?post=1458"}],"version-history":[{"count":35,"href":"https:\/\/www.mapamundimusica.com\/en\/wp-json\/wp\/v2\/pages\/1458\/revisions"}],"predecessor-version":[{"id":2946,"href":"https:\/\/www.mapamundimusica.com\/en\/wp-json\/wp\/v2\/pages\/1458\/revisions\/2946"}],"wp:attachment":[{"href":"https:\/\/www.mapamundimusica.com\/en\/wp-json\/wp\/v2\/media?parent=1458"}],"curies":[{"name":"wp","href":"https:\/\/api.w.org\/{rel}","templated":true}]}}