{"id":1093,"date":"2019-10-29T18:28:10","date_gmt":"2019-10-29T18:28:10","guid":{"rendered":"http:\/\/www.mapamundimusica.com\/?page_id=1093"},"modified":"2025-05-14T23:55:48","modified_gmt":"2025-05-14T21:55:48","slug":"artistas","status":"publish","type":"page","link":"https:\/\/www.mapamundimusica.com\/en\/artistas\/","title":{"rendered":"Artists"},"content":{"rendered":"<p><\/p>\n<h3 style=\"text-align: center;\">MAIN PROPOSALS<\/h3>\n<h4 style=\"text-align: center;\"><span style=\"color: #b00909;\">WE ARE IN CHARGE OF THE INTERNATIONAL BOOKING OF THE FOLLOWING ARTISTS. CLICK ON EACH IMAGE TO SEE A VIDEO:<\/span><\/h4>\n<h6 style=\"text-align: center;\"><span style=\"font-size: 18pt;\"><strong>Ali Do\u011fan G\u00f6n\u00fclta\u015f (Eastern Anatolia, Turkey)<\/strong><\/span><\/h6>\n<h5><a href=\"https:\/\/www.youtube.com\/watch?v=q72pFq7So80\" target=\"_blank\" rel=\"noopener noreferrer\"><img loading=\"lazy\" decoding=\"async\" class=\"aligncenter wp-image-3406\" src=\"https:\/\/www.mapamundimusica.com\/wp-content\/uploads\/2023\/09\/DSC_0064-1.jpg\" alt=\"\" width=\"924\" height=\"616\" srcset=\"https:\/\/www.mapamundimusica.com\/wp-content\/uploads\/2023\/09\/DSC_0064-1.jpg 1620w, https:\/\/www.mapamundimusica.com\/wp-content\/uploads\/2023\/09\/DSC_0064-1-300x200.jpg 300w, https:\/\/www.mapamundimusica.com\/wp-content\/uploads\/2023\/09\/DSC_0064-1-768x512.jpg 768w, https:\/\/www.mapamundimusica.com\/wp-content\/uploads\/2023\/09\/DSC_0064-1-1024x683.jpg 1024w\" sizes=\"auto, (max-width: 924px) 100vw, 924px\" \/><\/a><\/h5>\n<h6 style=\"text-align: center;\"><span style=\"font-size: 18pt;\">Vig\u00fcela (Castilla-La Mancha, Spain)<\/span><\/h6>\n<p><a href=\"https:\/\/www.youtube.com\/watch?v=Nnru56j4VAs\" target=\"_blank\" rel=\"noopener noreferrer\"><img loading=\"lazy\" decoding=\"async\" class=\"aligncenter wp-image-3408\" src=\"https:\/\/www.mapamundimusica.com\/wp-content\/uploads\/2023\/09\/trespeq.png\" alt=\"\" width=\"870\" height=\"481\" srcset=\"https:\/\/www.mapamundimusica.com\/wp-content\/uploads\/2023\/09\/trespeq.png 852w, https:\/\/www.mapamundimusica.com\/wp-content\/uploads\/2023\/09\/trespeq-300x166.png 300w, https:\/\/www.mapamundimusica.com\/wp-content\/uploads\/2023\/09\/trespeq-768x425.png 768w\" sizes=\"auto, (max-width: 870px) 100vw, 870px\" \/><\/a><\/p>\n<h6 style=\"text-align: center;\">With Vig\u00fcela we also have the special program <a href=\"https:\/\/www.mapamundimusica.com\/en\/mujereson\/\" target=\"_blank\" rel=\"noopener noreferrer\">mujereson<\/a> with the dancer Patricia \u00c1lvarez.<\/h6>\n<h6 style=\"text-align: center;\"><span style=\"font-size: 18pt;\">Xabi Aburruzaga (Basque Country, Spain)<\/span><\/h6>\n<p><a href=\"https:\/\/www.youtube.com\/watch?v=f8LHc7qPPHw\" target=\"_blank\" rel=\"noopener noreferrer\"><img loading=\"lazy\" decoding=\"async\" class=\"aligncenter wp-image-3480 \" src=\"https:\/\/www.mapamundimusica.com\/wp-content\/uploads\/2023\/11\/xabi-aburruzaga.jpg\" alt=\"\" width=\"873\" height=\"582\" srcset=\"https:\/\/www.mapamundimusica.com\/wp-content\/uploads\/2023\/11\/xabi-aburruzaga.jpg 2048w, https:\/\/www.mapamundimusica.com\/wp-content\/uploads\/2023\/11\/xabi-aburruzaga-300x200.jpg 300w, https:\/\/www.mapamundimusica.com\/wp-content\/uploads\/2023\/11\/xabi-aburruzaga-768x512.jpg 768w, https:\/\/www.mapamundimusica.com\/wp-content\/uploads\/2023\/11\/xabi-aburruzaga-1024x683.jpg 1024w\" sizes=\"auto, (max-width: 873px) 100vw, 873px\" \/><\/a><\/p>\n<h6 style=\"text-align: center;\"><span style=\"font-size: 18pt;\">Hudaki Village Band (Ukraine)<\/span><\/h6>\n<p><a href=\"https:\/\/www.youtube.com\/watch?v=fTJoZauA5fI&amp;t=37s\" target=\"_blank\" rel=\"noopener noreferrer\"><img loading=\"lazy\" decoding=\"async\" class=\"aligncenter wp-image-3410\" src=\"https:\/\/www.mapamundimusica.com\/wp-content\/uploads\/2023\/09\/HUDAKIVillageBandPatokaJULI2018ROSA1.jpg\" alt=\"\" width=\"882\" height=\"588\" srcset=\"https:\/\/www.mapamundimusica.com\/wp-content\/uploads\/2023\/09\/HUDAKIVillageBandPatokaJULI2018ROSA1.jpg 4096w, https:\/\/www.mapamundimusica.com\/wp-content\/uploads\/2023\/09\/HUDAKIVillageBandPatokaJULI2018ROSA1-300x200.jpg 300w, https:\/\/www.mapamundimusica.com\/wp-content\/uploads\/2023\/09\/HUDAKIVillageBandPatokaJULI2018ROSA1-768x512.jpg 768w, https:\/\/www.mapamundimusica.com\/wp-content\/uploads\/2023\/09\/HUDAKIVillageBandPatokaJULI2018ROSA1-1024x683.jpg 1024w\" sizes=\"auto, (max-width: 882px) 100vw, 882px\" \/><\/a><\/p>\n<h6 style=\"text-align: center;\"><span style=\"font-size: 18pt;\"><strong>Thanos Stavridis &amp; Drom (Greece)<\/strong><\/span><\/h6>\n<p><a href=\"https:\/\/www.youtube.com\/watch?v=lp2Kosm995U&amp;list=PLcYx7sA0INwvZ22xkx3abCkxM8olcFybC&amp;index=9\" target=\"_blank\" rel=\"noopener\"><img loading=\"lazy\" decoding=\"async\" class=\"aligncenter wp-image-3806\" src=\"https:\/\/www.mapamundimusica.com\/wp-content\/uploads\/2025\/05\/Thanos-Stavridis-Drom_Stefanos-Tsakiris-peq.png\" alt=\"\" width=\"844\" height=\"1064\" srcset=\"https:\/\/www.mapamundimusica.com\/wp-content\/uploads\/2025\/05\/Thanos-Stavridis-Drom_Stefanos-Tsakiris-peq.png 1334w, https:\/\/www.mapamundimusica.com\/wp-content\/uploads\/2025\/05\/Thanos-Stavridis-Drom_Stefanos-Tsakiris-peq-238x300.png 238w, https:\/\/www.mapamundimusica.com\/wp-content\/uploads\/2025\/05\/Thanos-Stavridis-Drom_Stefanos-Tsakiris-peq-812x1024.png 812w, https:\/\/www.mapamundimusica.com\/wp-content\/uploads\/2025\/05\/Thanos-Stavridis-Drom_Stefanos-Tsakiris-peq-768x968.png 768w, https:\/\/www.mapamundimusica.com\/wp-content\/uploads\/2025\/05\/Thanos-Stavridis-Drom_Stefanos-Tsakiris-peq-1218x1536.png 1218w\" sizes=\"auto, (max-width: 844px) 100vw, 844px\" \/><\/a><\/p>\n<h6 style=\"text-align: center;\"><span style=\"font-size: 18pt;\"><strong>Seiva (Portugal)<\/strong><\/span><\/h6>\n<p><a href=\"https:\/\/www.youtube.com\/watch?v=59ptvkYmlfw&amp;t=172s\" target=\"_blank\" rel=\"noopener noreferrer\"><img loading=\"lazy\" decoding=\"async\" class=\"wp-image-3487 aligncenter\" src=\"https:\/\/www.mapamundimusica.com\/wp-content\/uploads\/2023\/11\/SEIVA1@ritacarmo-low.jpg\" alt=\"\" width=\"894\" height=\"596\" srcset=\"https:\/\/www.mapamundimusica.com\/wp-content\/uploads\/2023\/11\/SEIVA1@ritacarmo-low.jpg 2000w, https:\/\/www.mapamundimusica.com\/wp-content\/uploads\/2023\/11\/SEIVA1@ritacarmo-low-300x200.jpg 300w, https:\/\/www.mapamundimusica.com\/wp-content\/uploads\/2023\/11\/SEIVA1@ritacarmo-low-768x512.jpg 768w, https:\/\/www.mapamundimusica.com\/wp-content\/uploads\/2023\/11\/SEIVA1@ritacarmo-low-1024x683.jpg 1024w\" sizes=\"auto, (max-width: 894px) 100vw, 894px\" \/><\/a><\/p>\n<p>&nbsp;<\/p>\n<h6 style=\"text-align: center;\"><span style=\"font-size: 18pt;\"><strong>Aman Rebetiko (Greece)<\/strong><\/span><\/h6>\n<p><a href=\"https:\/\/www.youtube.com\/watch?v=q1HnVlrNsSE\" target=\"_blank\" rel=\"noopener noreferrer\"><img loading=\"lazy\" decoding=\"async\" class=\"aligncenter wp-image-3518\" src=\"https:\/\/www.mapamundimusica.com\/wp-content\/uploads\/2023\/11\/CafeAman-RebetikoProject_06.jpg\" alt=\"\" width=\"867\" height=\"578\" srcset=\"https:\/\/www.mapamundimusica.com\/wp-content\/uploads\/2023\/11\/CafeAman-RebetikoProject_06.jpg 2400w, https:\/\/www.mapamundimusica.com\/wp-content\/uploads\/2023\/11\/CafeAman-RebetikoProject_06-300x200.jpg 300w, https:\/\/www.mapamundimusica.com\/wp-content\/uploads\/2023\/11\/CafeAman-RebetikoProject_06-768x512.jpg 768w, https:\/\/www.mapamundimusica.com\/wp-content\/uploads\/2023\/11\/CafeAman-RebetikoProject_06-1024x683.jpg 1024w\" sizes=\"auto, (max-width: 867px) 100vw, 867px\" \/><\/a><\/p>\n<p>&nbsp;<\/p>\n<h4 style=\"text-align: center;\"><span style=\"color: #ba0707;\">WE WORK ON THE BOOKING FOR SPAIN AND PORTUGAL OF THE FOLLOWING. CLICK ON EACH IMAGE TO SEE A VIDEO:<\/span><\/h4>\n<h6 style=\"text-align: center;\"><span style=\"font-size: 18pt;\"><strong>Mostar Sevdah Reunion (Bosnia)<\/strong><\/span><\/h6>\n<p><a href=\"https:\/\/www.youtube.com\/watch?v=AE7oKEZZock&amp;t=12s\" target=\"_blank\" rel=\"noopener noreferrer\"><img loading=\"lazy\" decoding=\"async\" class=\"aligncenter wp-image-3481\" src=\"https:\/\/www.mapamundimusica.com\/wp-content\/uploads\/2023\/11\/MSR-promo2022_2.jpg\" alt=\"\" width=\"869\" height=\"651\" srcset=\"https:\/\/www.mapamundimusica.com\/wp-content\/uploads\/2023\/11\/MSR-promo2022_2.jpg 2016w, https:\/\/www.mapamundimusica.com\/wp-content\/uploads\/2023\/11\/MSR-promo2022_2-300x225.jpg 300w, https:\/\/www.mapamundimusica.com\/wp-content\/uploads\/2023\/11\/MSR-promo2022_2-768x576.jpg 768w, https:\/\/www.mapamundimusica.com\/wp-content\/uploads\/2023\/11\/MSR-promo2022_2-1024x768.jpg 1024w\" sizes=\"auto, (max-width: 869px) 100vw, 869px\" \/><\/a><\/p>\n<h6><\/h6>\n<h6 style=\"text-align: center;\"><span style=\"font-size: 18pt;\">Divanhana (Bosnia)<\/span><\/h6>\n<p><a href=\"https:\/\/www.youtube.com\/watch?v=yWeizlPVixY&amp;t=9s\" target=\"_blank\" rel=\"noopener noreferrer\"><img loading=\"lazy\" decoding=\"async\" class=\"aligncenter wp-image-3482\" src=\"https:\/\/www.mapamundimusica.com\/wp-content\/uploads\/2023\/11\/344240232_150865884422600_2507856177374950669_n.jpg\" alt=\"\" width=\"886\" height=\"590\" srcset=\"https:\/\/www.mapamundimusica.com\/wp-content\/uploads\/2023\/11\/344240232_150865884422600_2507856177374950669_n.jpg 1440w, https:\/\/www.mapamundimusica.com\/wp-content\/uploads\/2023\/11\/344240232_150865884422600_2507856177374950669_n-300x200.jpg 300w, https:\/\/www.mapamundimusica.com\/wp-content\/uploads\/2023\/11\/344240232_150865884422600_2507856177374950669_n-768x511.jpg 768w, https:\/\/www.mapamundimusica.com\/wp-content\/uploads\/2023\/11\/344240232_150865884422600_2507856177374950669_n-1024x682.jpg 1024w\" sizes=\"auto, (max-width: 886px) 100vw, 886px\" \/><\/a><\/p>","protected":false},"excerpt":{"rendered":"<p>MAIN PROPOSALS WE ARE IN CHARGE OF THE INTERNATIONAL BOOKING OF THE FOLLOWING ARTISTS. CLICK ON EACH IMAGE TO SEE A VIDEO: Ali Do\u011fan G\u00f6n\u00fclta\u015f (Eastern Anatolia, Turkey) Vig\u00fcela (Castilla-La Mancha, Spain) With Vig\u00fcela we also have the special program mujereson with the dancer Patricia \u00c1lvarez. Xabi Aburruzaga (Basque Country, Spain) Hudaki Village Band (Ukraine) [&hellip;]<\/p>\n","protected":false},"author":1,"featured_media":0,"parent":0,"menu_order":0,"comment_status":"closed","ping_status":"closed","template":"templates\/page-full-width.php","meta":{"footnotes":""},"class_list":["post-1093","page","type-page","status-publish","hentry"],"_links":{"self":[{"href":"https:\/\/www.mapamundimusica.com\/en\/wp-json\/wp\/v2\/pages\/1093","targetHints":{"allow":["GET"]}}],"collection":[{"href":"https:\/\/www.mapamundimusica.com\/en\/wp-json\/wp\/v2\/pages"}],"about":[{"href":"https:\/\/www.mapamundimusica.com\/en\/wp-json\/wp\/v2\/types\/page"}],"author":[{"embeddable":true,"href":"https:\/\/www.mapamundimusica.com\/en\/wp-json\/wp\/v2\/users\/1"}],"replies":[{"embeddable":true,"href":"https:\/\/www.mapamundimusica.com\/en\/wp-json\/wp\/v2\/comments?post=1093"}],"version-history":[{"count":96,"href":"https:\/\/www.mapamundimusica.com\/en\/wp-json\/wp\/v2\/pages\/1093\/revisions"}],"predecessor-version":[{"id":3810,"href":"https:\/\/www.mapamundimusica.com\/en\/wp-json\/wp\/v2\/pages\/1093\/revisions\/3810"}],"wp:attachment":[{"href":"https:\/\/www.mapamundimusica.com\/en\/wp-json\/wp\/v2\/media?parent=1093"}],"curies":[{"name":"wp","href":"https:\/\/api.w.org\/{rel}","templated":true}]}}