{"id":1049,"date":"2019-09-24T17:11:25","date_gmt":"2019-09-24T17:11:25","guid":{"rendered":"http:\/\/www.mapamundimusica.com\/?page_id=1049"},"modified":"2021-12-20T10:32:02","modified_gmt":"2021-12-20T09:32:02","slug":"jako","status":"publish","type":"page","link":"https:\/\/www.mapamundimusica.com\/en\/jako\/","title":{"rendered":"Jako el Muzikante"},"content":{"rendered":"<p><\/p>\n<h5 style=\"text-align: right;\"><strong><a href=\"http:\/\/www.mapamundimusica.com\/jako-el-muzikante-gal\/\">Versi\u00f3n en galego<\/a> &#8211; <\/strong><span style=\"font-size: 18pt;\"><a href=\"http:\/\/www.mapamundimusica.com\/jako-el-muzikante-putonghua\/\">\u666e\u901a\u8bdd\u4f20\u8bb0<\/a><\/span><\/h5>\n<p>&nbsp;<\/p>\n<h1 style=\"text-align: center;\"><span style=\"color: #ff6600;\"><strong>Jako el Muzikante, the roguish hustler from the caf\u00e9 aman<\/strong><\/span><\/h1>\n<h4 style=\"text-align: center;\"><strong>Sephardic urban music at the crossing point between East and West. <\/strong><strong>A final toast at the caf\u00e9 aman. An empire about to break off.<\/strong><\/h4>\n<h1 style=\"text-align: center;\">\u201cVen al Luna Park\u201d, the first album by Jako el Muzikante, alter ego of the Galician artist Xurxo Fernandes, <a href=\"https:\/\/open.spotify.com\/artist\/6RwNEnLQyPsUWvK9gfR1SZ\">now available in Spotify<\/a><\/h1>\n<p><img loading=\"lazy\" decoding=\"async\" class=\" wp-image-1818 alignright\" src=\"http:\/\/www.mapamundimusica.com\/wp-content\/uploads\/2020\/04\/Covers.png\" alt=\"\" width=\"302\" height=\"487\" srcset=\"https:\/\/www.mapamundimusica.com\/wp-content\/uploads\/2020\/04\/Covers.png 414w, https:\/\/www.mapamundimusica.com\/wp-content\/uploads\/2020\/04\/Covers-186x300.png 186w\" sizes=\"auto, (max-width: 302px) 100vw, 302px\" \/><\/p>\n<h5>We are in troubled times and sometimes in troubled times a new aesthetic language emerges from the ashes. This is the music from troubled times\u2026 one century ago.<\/h5>\n<p>After World War II, in Japan, <em>but\u014d<\/em> translated the reflection after the nuclear disaster into dance. The War of Independence, the return to absolutism and the complicated struggle of Spain to abandon the Old Regime inspired Goya his <em>Black Paintings<\/em>. In the underworld of the Greek port cities, after the traumatic dismemberment of the Ottoman Empire, the <em>rebetiko<\/em>, declared in 2017 Intangible Heritage of Humanity by Unesco, emerged.<\/p>\n<p>The character of <strong>Jako el Muzikante is born in the ambience of the caf\u00e9 aman<\/strong>, also known as kavanes, usual at the Ottoman empire during XIX century and beginnings of XX century. Cafes where the classless met. Cafes where coffee was prohibited most of the time but where hashish was routine. Cafes where Greek exiles born in Western (Turkey would deport more than a million people later) or Turks born in Greece (half a million would be forced into exile in the 20s) used to gather, with Armenians (that would suffer a tragic genocide in 1915), with Slavs\u2026 Some of them were Jews of Sephardic origin, who had <strong>Ladino or djudeo-espanyol<\/strong> as their mother tongue. In those cafes, one century ago, an incipient globalization was brewing, while the roots of their respective identities, at the same time permeable, survived.<\/p>\n<p>In words by <strong>Alberto Conejero L\u00f3pez<\/strong>, as quoted in the book from his <em>Carmina Urbana Orientalium Graecorum<\/em>. Po\u00e9ticas de la identidad en la canci\u00f3n urbana greco-oriental, kavanes were multicultural places, \u201cgoverned by its own rules. One of them time. In this habitat time does not spring from the past or progress towards the future. <strong>Time is encapsulated, only referencing itself within the actions that take place in that space<\/strong>.\u201d<\/p>\n<h4>Who is Jako the Muzikante?<\/h4>\n<p>Jako is the Sephardic dandy, the roguish hustler from the caf\u00e9 aman, who barely survives singing at weddings and at bar mitzvah parties, as well as pilfering what he can from his drunken and entertained clients at the caf\u00e9. Over time, these melodies were forgotten because of the complicated situation that those artists went through. But not all was lost: some of those pieces have been recovered from the memory of the descendants of those Sephardim. Enough to record an album of exceptional aesthetic quality, bringing to life, a century later, those songs that connect so well with our present reality and yearnings.<\/p>\n<p><strong>Xurxo Fernandes<\/strong>, the artist who created the project and who embodies Jako, found out about the Sephardic world at the beginning of the millennium. In a casual encounter at an airport he met some Bulgarians who, funnily, spoke a kind of Spanish that even had some hints of the current Galego language (spoken in the Spanish Galicia, north-west of Spain, where Xurxo is from). The impact on Xurxo of the life history of those people, whose ancestors have kept the language in exile since the expulsion of the Jews from Spain at the end of the 15th century, would impel him to research. He travelled to Israel and Turkey, to search for what remained of that culture and, specifically, of its last moments of artistic splendor during the Ottoman Empire: the repertoire of the early twentieth century. Xurxo would apply the same inquisitive spirit that he already put into traditional Galician music (from the age of 14 he was devoted to touring the villages of Galicia to find someone to teach him how to play the tambourine) to this new passion. In such a way that, at present, he is the only young artist capable of speak and write fluent Ladino (a piece from the album, from Rosa Askenazi&#8217;s repertoire, Cursed Kokaine, recorded by her in 1932, has been translated by Xurxo from Greek to Ladino), with that mixture of Spanish ancient, Turkish words and French influences, typical of the language on the Eastern Mediterranean branch.<\/p>\n<p>Nowadays Xurxo continues his research and he is usually posting videos and other materials at the Facebook page of <a href=\"https:\/\/www.facebook.com\/JakoElMuzikante\/\">Jako el Muzikante<\/a>. He is also regular participant in the email group Ladinokomunita and he is providing lectures and workshops about Sephardic music in several European countries.<\/p>\n<h4>The book-CD &#8220;Ven al Luna Park&#8221;<\/h4>\n<p><em>Ven al Luna Park<\/em> (come to the Luna Park) is the first official album of the project. It is a book with a CD, with abundant documentation and references on the themes, produced by Xurxo Fernandes himself, written in Ladino, English and Rash\u00ed (Ladino written in the Hebrew alphabet). It is the first project to recover urban music of the Jews of Spanish origin. The music is already available on Spotify and the physical book-CD is available in eBay.<\/p>\n<p>The repertoire of this book-CD comes from diverse archives of oral tradition, dated from 1906 to 1995 (Emili Sene\u2019s, Jakob Michael\u2019s or Victor Besso\u2019s for instance) and it is full of anecdotes, references and pictures, collected over the years by Fernandes.<\/p>\n<p>The title of the work, which is also that of the eponymous piece, refers to the expression &#8220;Luna Park&#8221;, which means a place of pleasure and fun, in languages as diverse as Polish, Dutch or Turkish (the original Luna Park was founded on Coney Island in 1903). It was recorded in Coru\u00f1a, at the Nakra Studios, with the oudist Wafir Shaikheldin (Sudan), the violinist Andrea Samek (Hungary), the Catalan percussionist Alexandre Guitart, the missed jazz bassist from Madrid who died last summer Jos\u00e9 Luis Yag\u00fce, the clarinetist Georgi Yanev &#8220;Yoro\u201d (Bulgaria) and the collaborations of Ant\u00eda V\u00e1zquez Pant\u00edn, Eduardo Bola\u00f1os, Guillermo Reiriz and Paco Ulloa.<\/p>\n<p>This editorial work is also supported by a concert program that has been already performed in Spain and in Algeria and that is ready, with line up from trio to sextet. In fact, the recording is the result of 8 years live experience, reflection and a thorough work of arrangements and documentation. So far, the live show has got critics like \u201cA band that fired up the audience in moments of pure happyness.\u201d by El Watan or \u201cA mind-blowing show\u2026 A glorious, terrific very entertaining concert\u201d by Fernando \u00cd\u00f1iguez (Radio 3-RNE).<\/p>\n<p>&nbsp;<\/p>\n<p style=\"text-align: center;\"><iframe loading=\"lazy\" src=\"https:\/\/www.youtube.com\/embed\/8jf5hGEDXLY\" width=\"680\" height=\"420\" frameborder=\"0\" allowfullscreen=\"allowfullscreen\"><\/iframe><\/p>\n<h5 style=\"text-align: center;\"><\/h5>\n<p><\/p>","protected":false},"excerpt":{"rendered":"<p>Versi\u00f3n en galego &#8211; \u666e\u901a\u8bdd\u4f20\u8bb0 &nbsp; Jako el Muzikante, the roguish hustler from the caf\u00e9 aman Sephardic urban music at the crossing point between East and West. A final toast at the caf\u00e9 aman. An empire about to break off. \u201cVen al Luna Park\u201d, the first album by Jako el Muzikante, alter ego of the [&hellip;]<\/p>\n","protected":false},"author":1,"featured_media":0,"parent":0,"menu_order":0,"comment_status":"closed","ping_status":"closed","template":"","meta":{"footnotes":""},"class_list":["post-1049","page","type-page","status-publish","hentry"],"_links":{"self":[{"href":"https:\/\/www.mapamundimusica.com\/en\/wp-json\/wp\/v2\/pages\/1049","targetHints":{"allow":["GET"]}}],"collection":[{"href":"https:\/\/www.mapamundimusica.com\/en\/wp-json\/wp\/v2\/pages"}],"about":[{"href":"https:\/\/www.mapamundimusica.com\/en\/wp-json\/wp\/v2\/types\/page"}],"author":[{"embeddable":true,"href":"https:\/\/www.mapamundimusica.com\/en\/wp-json\/wp\/v2\/users\/1"}],"replies":[{"embeddable":true,"href":"https:\/\/www.mapamundimusica.com\/en\/wp-json\/wp\/v2\/comments?post=1049"}],"version-history":[{"count":22,"href":"https:\/\/www.mapamundimusica.com\/en\/wp-json\/wp\/v2\/pages\/1049\/revisions"}],"predecessor-version":[{"id":2262,"href":"https:\/\/www.mapamundimusica.com\/en\/wp-json\/wp\/v2\/pages\/1049\/revisions\/2262"}],"wp:attachment":[{"href":"https:\/\/www.mapamundimusica.com\/en\/wp-json\/wp\/v2\/media?parent=1049"}],"curies":[{"name":"wp","href":"https:\/\/api.w.org\/{rel}","templated":true}]}}